{"id":3502,"date":"2024-04-09T12:09:51","date_gmt":"2024-04-09T09:09:51","guid":{"rendered":"https:\/\/jonnejaminne.mauri.posso.fi\/?page_id=3502"},"modified":"2026-01-23T10:28:22","modified_gmt":"2026-01-23T08:28:22","slug":"contact-us","status":"publish","type":"page","link":"https:\/\/jonnejaminne.fi\/en\/customer-service\/contact-us\/","title":{"rendered":"Contact us"},"content":{"rendered":"<div class=\"nosto-lohko\">\n\n<h2 class=\"wp-block-heading\">Kotkan seudun liikenne<\/h2>\n\n\n\n<p>For more information or assistance, you can contact Kotkan Seudun Liikenne:<\/p>\n\n\n\n<p><strong>Email<\/strong>: <a>joukkoliikenne@kotka.fi<\/a><br><strong>Phone<\/strong>: (05) 234 4444 (weekdays from 09:30 to 11:00 and from 13:00 to 14:00)<\/p>\n\n<\/div>\t\t<style>.wp-block-genesis-custom-blocks-nostolohko{\n    padding: 20px;\n    background: #f6f6f2;\n    \n}\n\n.wp-block-genesis-custom-blocks-nostolohko:before{\n    content:'Nosto-lohko';\n    width: 100%;\n    padding: 20px 0;\n    background: #f6f6f2;\n    \n}<\/style>\n\t\t\n\n\n<h4 class=\"wp-block-heading\">Waltti service points<\/h4>\n\n\n\n<p><strong>KOTKA<\/strong><br><strong>Service point Ruori<\/strong> (also handles other customer service issues)<br>Kustaankatu 2 (downstairs of the Town Hall, entrance from Keskuskatu)<br><strong><a href=\"https:\/\/www.kotka.fi\/en\/customer-service\/\" target=\"_blank\" rel=\"noreferrer noopener\">Opening hours of Ruori<\/a><\/strong><br>Tel. 05 234 33<\/p>\n\n\n\n<p><strong>HAMINA<\/strong><br><strong>Hamina\u2019s customer service point Rinkeli<\/strong><br>Puistokatu 6<br><strong><a href=\"https:\/\/www.hamina.fi\/kaupunki-ja-paatoksenteko\/asiointi-ja-neuvonta\/asiointipalvelu-rinkeli\/\" target=\"_blank\" rel=\"noreferrer noopener\">Opening hours<\/a><\/strong> (only in Finnish)<\/p>\n\n\n\n<p><strong>PYHT\u00c4\u00c4<\/strong><br><strong>Pyht\u00e4\u00e4 Library<\/strong><br>Huutj\u00e4rventie 30<br><strong><a href=\"https:\/\/pyhtaa.fi\/en\/node\/3559\" target=\"_blank\" rel=\"noreferrer noopener\">Opening hours<\/a><\/strong> (only in Finnish)<\/p>\n\n\n\n<p><strong>Waltti Sales Points<\/strong><\/p>\n\n\n\n<p>You can buy a new Waltti travel card and load ticket products onto the card at the sales points. Product transfers from a lost card can only be made at the service points.<\/p>\n\n\n\n<p><strong>R-Kioski (Karhula)<\/strong><br>Sammonaukio 2<br><strong><a href=\"https:\/\/www.r-kioski.fi\/kioskit\/kotka-sammonaukio-2\/\" target=\"_blank\" rel=\"noreferrer noopener\">Opening hours<\/a><\/strong> (only in Finnish)<\/p>\n","protected":false},"excerpt":{"rendered":"<p>Waltti service points KOTKAService point Ruori (also handles other customer service issues)Kustaankatu 2 (downstairs of the Town Hall, entrance from Keskuskatu)Opening hours of RuoriTel. 05 234 33 HAMINAHamina\u2019s customer service point RinkeliPuistokatu 6Opening hours (only in Finnish) PYHT\u00c4\u00c4Pyht\u00e4\u00e4 LibraryHuutj\u00e4rventie 30Opening hours (only in Finnish) Waltti<\/p>\n","protected":false},"author":5,"featured_media":0,"parent":3470,"menu_order":0,"comment_status":"closed","ping_status":"closed","template":"","meta":{"_acf_changed":false,"inline_featured_image":false,"footnotes":""},"class_list":["post-3502","page","type-page","status-publish","hentry"],"acf":[],"yoast_head":"<!-- This site is optimized with the Yoast SEO plugin v27.5 - https:\/\/yoast.com\/product\/yoast-seo-wordpress\/ -->\n<title>Contact us - Jonne ja Minne<\/title>\n<meta name=\"robots\" content=\"index, follow, max-snippet:-1, max-image-preview:large, max-video-preview:-1\" \/>\n<link rel=\"canonical\" href=\"https:\/\/jonnejaminne.fi\/en\/customer-service\/contact-us\/\" \/>\n<meta property=\"og:locale\" content=\"en_US\" \/>\n<meta property=\"og:type\" content=\"article\" \/>\n<meta property=\"og:title\" content=\"Contact us - Jonne ja Minne\" \/>\n<meta property=\"og:description\" content=\"Waltti service points KOTKAService point Ruori (also handles other customer service issues)Kustaankatu 2 (downstairs of the Town Hall, entrance from Keskuskatu)Opening hours of RuoriTel. 05 234 33 HAMINAHamina\u2019s customer service point RinkeliPuistokatu 6Opening hours (only in Finnish) PYHT\u00c4\u00c4Pyht\u00e4\u00e4 LibraryHuutj\u00e4rventie 30Opening hours (only in Finnish) Waltti\" \/>\n<meta property=\"og:url\" content=\"https:\/\/jonnejaminne.fi\/en\/customer-service\/contact-us\/\" \/>\n<meta property=\"og:site_name\" content=\"Jonne ja Minne\" \/>\n<meta property=\"article:modified_time\" content=\"2026-01-23T08:28:22+00:00\" \/>\n<meta name=\"twitter:card\" content=\"summary_large_image\" \/>\n<script type=\"application\/ld+json\" class=\"yoast-schema-graph\">{\"@context\":\"https:\\\/\\\/schema.org\",\"@graph\":[{\"@type\":\"WebPage\",\"@id\":\"https:\\\/\\\/jonnejaminne.fi\\\/en\\\/customer-service\\\/contact-us\\\/\",\"url\":\"https:\\\/\\\/jonnejaminne.fi\\\/en\\\/customer-service\\\/contact-us\\\/\",\"name\":\"Contact us - Jonne ja Minne\",\"isPartOf\":{\"@id\":\"https:\\\/\\\/jonnejaminne.fi\\\/en\\\/#website\"},\"datePublished\":\"2024-04-09T09:09:51+00:00\",\"dateModified\":\"2026-01-23T08:28:22+00:00\",\"breadcrumb\":{\"@id\":\"https:\\\/\\\/jonnejaminne.fi\\\/en\\\/customer-service\\\/contact-us\\\/#breadcrumb\"},\"inLanguage\":\"en-US\",\"potentialAction\":[{\"@type\":\"ReadAction\",\"target\":[\"https:\\\/\\\/jonnejaminne.fi\\\/en\\\/customer-service\\\/contact-us\\\/\"]}]},{\"@type\":\"BreadcrumbList\",\"@id\":\"https:\\\/\\\/jonnejaminne.fi\\\/en\\\/customer-service\\\/contact-us\\\/#breadcrumb\",\"itemListElement\":[{\"@type\":\"ListItem\",\"position\":1,\"name\":\"Home\",\"item\":\"https:\\\/\\\/jonnejaminne.fi\\\/en\\\/\"},{\"@type\":\"ListItem\",\"position\":2,\"name\":\"Customer service\",\"item\":\"https:\\\/\\\/jonnejaminne.fi\\\/en\\\/customer-service\\\/\"},{\"@type\":\"ListItem\",\"position\":3,\"name\":\"Contact us\"}]},{\"@type\":\"WebSite\",\"@id\":\"https:\\\/\\\/jonnejaminne.fi\\\/en\\\/#website\",\"url\":\"https:\\\/\\\/jonnejaminne.fi\\\/en\\\/\",\"name\":\"Jonne ja Minne\",\"description\":\"\",\"publisher\":{\"@id\":\"https:\\\/\\\/jonnejaminne.fi\\\/en\\\/#organization\"},\"potentialAction\":[{\"@type\":\"SearchAction\",\"target\":{\"@type\":\"EntryPoint\",\"urlTemplate\":\"https:\\\/\\\/jonnejaminne.fi\\\/en\\\/?s={search_term_string}\"},\"query-input\":{\"@type\":\"PropertyValueSpecification\",\"valueRequired\":true,\"valueName\":\"search_term_string\"}}],\"inLanguage\":\"en-US\"},{\"@type\":\"Organization\",\"@id\":\"https:\\\/\\\/jonnejaminne.fi\\\/en\\\/#organization\",\"name\":\"Jonne ja Minne\",\"url\":\"https:\\\/\\\/jonnejaminne.fi\\\/en\\\/\",\"logo\":{\"@type\":\"ImageObject\",\"inLanguage\":\"en-US\",\"@id\":\"https:\\\/\\\/jonnejaminne.fi\\\/en\\\/#\\\/schema\\\/logo\\\/image\\\/\",\"url\":\"https:\\\/\\\/jonnejaminne.fi\\\/wp-content\\\/uploads\\\/2024\\\/04\\\/KSL_JM_bussit-logo_vaaka_rgb-1-1.png\",\"contentUrl\":\"https:\\\/\\\/jonnejaminne.fi\\\/wp-content\\\/uploads\\\/2024\\\/04\\\/KSL_JM_bussit-logo_vaaka_rgb-1-1.png\",\"width\":1136,\"height\":424,\"caption\":\"Jonne ja Minne\"},\"image\":{\"@id\":\"https:\\\/\\\/jonnejaminne.fi\\\/en\\\/#\\\/schema\\\/logo\\\/image\\\/\"}}]}<\/script>\n<!-- \/ Yoast SEO plugin. -->","yoast_head_json":{"title":"Contact us - Jonne ja Minne","robots":{"index":"index","follow":"follow","max-snippet":"max-snippet:-1","max-image-preview":"max-image-preview:large","max-video-preview":"max-video-preview:-1"},"canonical":"https:\/\/jonnejaminne.fi\/en\/customer-service\/contact-us\/","og_locale":"en_US","og_type":"article","og_title":"Contact us - Jonne ja Minne","og_description":"Waltti service points KOTKAService point Ruori (also handles other customer service issues)Kustaankatu 2 (downstairs of the Town Hall, entrance from Keskuskatu)Opening hours of RuoriTel. 05 234 33 HAMINAHamina\u2019s customer service point RinkeliPuistokatu 6Opening hours (only in Finnish) PYHT\u00c4\u00c4Pyht\u00e4\u00e4 LibraryHuutj\u00e4rventie 30Opening hours (only in Finnish) Waltti","og_url":"https:\/\/jonnejaminne.fi\/en\/customer-service\/contact-us\/","og_site_name":"Jonne ja Minne","article_modified_time":"2026-01-23T08:28:22+00:00","twitter_card":"summary_large_image","schema":{"@context":"https:\/\/schema.org","@graph":[{"@type":"WebPage","@id":"https:\/\/jonnejaminne.fi\/en\/customer-service\/contact-us\/","url":"https:\/\/jonnejaminne.fi\/en\/customer-service\/contact-us\/","name":"Contact us - Jonne ja Minne","isPartOf":{"@id":"https:\/\/jonnejaminne.fi\/en\/#website"},"datePublished":"2024-04-09T09:09:51+00:00","dateModified":"2026-01-23T08:28:22+00:00","breadcrumb":{"@id":"https:\/\/jonnejaminne.fi\/en\/customer-service\/contact-us\/#breadcrumb"},"inLanguage":"en-US","potentialAction":[{"@type":"ReadAction","target":["https:\/\/jonnejaminne.fi\/en\/customer-service\/contact-us\/"]}]},{"@type":"BreadcrumbList","@id":"https:\/\/jonnejaminne.fi\/en\/customer-service\/contact-us\/#breadcrumb","itemListElement":[{"@type":"ListItem","position":1,"name":"Home","item":"https:\/\/jonnejaminne.fi\/en\/"},{"@type":"ListItem","position":2,"name":"Customer service","item":"https:\/\/jonnejaminne.fi\/en\/customer-service\/"},{"@type":"ListItem","position":3,"name":"Contact us"}]},{"@type":"WebSite","@id":"https:\/\/jonnejaminne.fi\/en\/#website","url":"https:\/\/jonnejaminne.fi\/en\/","name":"Jonne ja Minne","description":"","publisher":{"@id":"https:\/\/jonnejaminne.fi\/en\/#organization"},"potentialAction":[{"@type":"SearchAction","target":{"@type":"EntryPoint","urlTemplate":"https:\/\/jonnejaminne.fi\/en\/?s={search_term_string}"},"query-input":{"@type":"PropertyValueSpecification","valueRequired":true,"valueName":"search_term_string"}}],"inLanguage":"en-US"},{"@type":"Organization","@id":"https:\/\/jonnejaminne.fi\/en\/#organization","name":"Jonne ja Minne","url":"https:\/\/jonnejaminne.fi\/en\/","logo":{"@type":"ImageObject","inLanguage":"en-US","@id":"https:\/\/jonnejaminne.fi\/en\/#\/schema\/logo\/image\/","url":"https:\/\/jonnejaminne.fi\/wp-content\/uploads\/2024\/04\/KSL_JM_bussit-logo_vaaka_rgb-1-1.png","contentUrl":"https:\/\/jonnejaminne.fi\/wp-content\/uploads\/2024\/04\/KSL_JM_bussit-logo_vaaka_rgb-1-1.png","width":1136,"height":424,"caption":"Jonne ja Minne"},"image":{"@id":"https:\/\/jonnejaminne.fi\/en\/#\/schema\/logo\/image\/"}}]}},"_links":{"self":[{"href":"https:\/\/jonnejaminne.fi\/en\/wp-json\/wp\/v2\/pages\/3502","targetHints":{"allow":["GET"]}}],"collection":[{"href":"https:\/\/jonnejaminne.fi\/en\/wp-json\/wp\/v2\/pages"}],"about":[{"href":"https:\/\/jonnejaminne.fi\/en\/wp-json\/wp\/v2\/types\/page"}],"author":[{"embeddable":true,"href":"https:\/\/jonnejaminne.fi\/en\/wp-json\/wp\/v2\/users\/5"}],"replies":[{"embeddable":true,"href":"https:\/\/jonnejaminne.fi\/en\/wp-json\/wp\/v2\/comments?post=3502"}],"version-history":[{"count":9,"href":"https:\/\/jonnejaminne.fi\/en\/wp-json\/wp\/v2\/pages\/3502\/revisions"}],"predecessor-version":[{"id":9710,"href":"https:\/\/jonnejaminne.fi\/en\/wp-json\/wp\/v2\/pages\/3502\/revisions\/9710"}],"up":[{"embeddable":true,"href":"https:\/\/jonnejaminne.fi\/en\/wp-json\/wp\/v2\/pages\/3470"}],"wp:attachment":[{"href":"https:\/\/jonnejaminne.fi\/en\/wp-json\/wp\/v2\/media?parent=3502"}],"curies":[{"name":"wp","href":"https:\/\/api.w.org\/{rel}","templated":true}]}}