{"id":3517,"date":"2024-09-25T14:08:26","date_gmt":"2024-09-25T11:08:26","guid":{"rendered":"https:\/\/jonnejaminne.mauri.posso.fi\/?page_id=3517"},"modified":"2025-02-07T14:35:37","modified_gmt":"2025-02-07T12:35:37","slug":"contactless-payment","status":"publish","type":"page","link":"https:\/\/jonnejaminne.fi\/en\/tickets-and-prices\/contactless-payment\/","title":{"rendered":"Contactless payment"},"content":{"rendered":"<div class=\"nosto-lohko\">\n\n<p>With Jonne and Minne, you can also pay by contactless payment!<\/p>\n\n\n\n<p>Contactless payment is a convenient way to pay for your trip with a debit card or other payment method suitable for contactless payment, such as your phone.<\/p>\n\n<\/div>\t\t<style>.wp-block-genesis-custom-blocks-nostolohko{\n    padding: 20px;\n    background: #f6f6f2;\n    \n}\n\n.wp-block-genesis-custom-blocks-nostolohko:before{\n    content:'Nosto-lohko';\n    width: 100%;\n    padding: 20px 0;\n    background: #f6f6f2;\n    \n}<\/style>\n\t\t\n\n\n<h2 class=\"wp-block-heading\">Paying with contactless payment<\/h2>\n\n\n\n<div class=\"wp-block-media-text is-stacked-on-mobile\" style=\"grid-template-columns:32% auto\"><figure class=\"wp-block-media-text__media\"><img fetchpriority=\"high\" decoding=\"async\" width=\"1024\" height=\"1024\" src=\"https:\/\/jonnejaminne.fi\/wp-content\/uploads\/2024\/10\/contactless_payment_1.png\" alt=\"\" class=\"wp-image-3689 size-full\" srcset=\"https:\/\/jonnejaminne.fi\/wp-content\/uploads\/2024\/10\/contactless_payment_1.png 1024w, https:\/\/jonnejaminne.fi\/wp-content\/uploads\/2024\/10\/contactless_payment_1-300x300.png 300w, https:\/\/jonnejaminne.fi\/wp-content\/uploads\/2024\/10\/contactless_payment_1-150x150.png 150w, https:\/\/jonnejaminne.fi\/wp-content\/uploads\/2024\/10\/contactless_payment_1-768x768.png 768w\" sizes=\"(max-width: 1024px) 100vw, 1024px\" \/><\/figure><div class=\"wp-block-media-text__content\">\n<p>1. Select the contactless payment button on the screen.<\/p>\n<\/div><\/div>\n\n\n\n<div class=\"wp-block-media-text is-stacked-on-mobile\" style=\"grid-template-columns:32% auto\"><figure class=\"wp-block-media-text__media\"><img decoding=\"async\" width=\"1024\" height=\"1024\" src=\"https:\/\/jonnejaminne.fi\/wp-content\/uploads\/2024\/10\/contactless_payment_2.png\" alt=\"\" class=\"wp-image-3692 size-full\" srcset=\"https:\/\/jonnejaminne.fi\/wp-content\/uploads\/2024\/10\/contactless_payment_2.png 1024w, https:\/\/jonnejaminne.fi\/wp-content\/uploads\/2024\/10\/contactless_payment_2-300x300.png 300w, https:\/\/jonnejaminne.fi\/wp-content\/uploads\/2024\/10\/contactless_payment_2-150x150.png 150w, https:\/\/jonnejaminne.fi\/wp-content\/uploads\/2024\/10\/contactless_payment_2-768x768.png 768w\" sizes=\"(max-width: 1024px) 100vw, 1024px\" \/><\/figure><div class=\"wp-block-media-text__content\">\n<p>2. Select the zones where you plan to travel<\/p>\n<\/div><\/div>\n\n\n\n<div class=\"wp-block-media-text is-stacked-on-mobile\" style=\"grid-template-columns:32% auto\"><figure class=\"wp-block-media-text__media\"><img decoding=\"async\" width=\"1024\" height=\"1024\" src=\"https:\/\/jonnejaminne.fi\/wp-content\/uploads\/2024\/10\/contactless_payment_3.png\" alt=\"\" class=\"wp-image-3695 size-full\" srcset=\"https:\/\/jonnejaminne.fi\/wp-content\/uploads\/2024\/10\/contactless_payment_3.png 1024w, https:\/\/jonnejaminne.fi\/wp-content\/uploads\/2024\/10\/contactless_payment_3-300x300.png 300w, https:\/\/jonnejaminne.fi\/wp-content\/uploads\/2024\/10\/contactless_payment_3-150x150.png 150w, https:\/\/jonnejaminne.fi\/wp-content\/uploads\/2024\/10\/contactless_payment_3-768x768.png 768w\" sizes=\"(max-width: 1024px) 100vw, 1024px\" \/><\/figure><div class=\"wp-block-media-text__content\">\n<p>3. Insert the payment device into the debit reader on the left side of the device. The device acknowledges a successful purchase with a beep and a green OK sign<\/p>\n<\/div><\/div>\n\n\n\n<div class=\"wp-block-media-text is-stacked-on-mobile\" style=\"grid-template-columns:32% auto\"><figure class=\"wp-block-media-text__media\"><img loading=\"lazy\" decoding=\"async\" width=\"1024\" height=\"1024\" src=\"https:\/\/jonnejaminne.fi\/wp-content\/uploads\/2024\/10\/contactless_payment_4.png\" alt=\"\" class=\"wp-image-3698 size-full\" srcset=\"https:\/\/jonnejaminne.fi\/wp-content\/uploads\/2024\/10\/contactless_payment_4.png 1024w, https:\/\/jonnejaminne.fi\/wp-content\/uploads\/2024\/10\/contactless_payment_4-300x300.png 300w, https:\/\/jonnejaminne.fi\/wp-content\/uploads\/2024\/10\/contactless_payment_4-150x150.png 150w, https:\/\/jonnejaminne.fi\/wp-content\/uploads\/2024\/10\/contactless_payment_4-768x768.png 768w\" sizes=\"(max-width: 1024px) 100vw, 1024px\" \/><\/figure><div class=\"wp-block-media-text__content\">\n<p>4. If you continue your journey on another bus, show the same payment method to the reader again, so that your change is free of charge within the changeover period.<\/p>\n<\/div><\/div>\n\n\n\n<h4 class=\"wp-block-heading\">Contactless Payment for Bus Journeys<\/h4>\n\n\n\n<p><strong>Payment for your own trip only:<\/strong> You can only pay for your own journey using contactless payment. You cannot use the same method to pay for the journey of another passenger. If you wish to pay for someone else\u2019s journey, you must use a different contactless payment method or another form of payment (cash, mobile ticket, or Waltti travel card).<\/p>\n\n\n\n<p><strong>Receipts:<\/strong> You can obtain receipts from the<a href=\"https:\/\/jonnejaminne.littlepay.com\/jonne-ja-minne\" target=\"_blank\" rel=\"noreferrer noopener\"> customer portal<\/a>. For mobile wallet receipts (e.g., Wallet), you can request them by email at joukkoliikenne@kotka.fi. Be sure to include the last 4 digits of your bank card number (from your mobile device, not your bank card number). You will not receive a receipt for contactless payments on the bus.<\/p>\n\n\n\n<p><strong>Issues with Contactless Payment:<\/strong> If your contactless payment device is not working or unavailable, it does not entitle you to travel for free. If the payment system fails, you can still pay using a mobile ticket, Waltti card, or cash (max. \u20ac20 note). The driver cannot cancel your purchase, such as when you make a mistake while entering the number. The responsibility lies with the customer.<\/p>\n\n\n\n<h3 class=\"wp-block-heading\">Prices and zones<\/h3>\n\n\n\n<p><strong>Price for contactless payment:<\/strong> The price is the same for all passengers, regardless of age or category. The fare is determined by the number of travel zones you enter.<\/p>\n\n\n\n<p>Always choose the zones you plan to travel in for each trip. If you select zone A but then decide to continue from zone A to zone B, you will need to purchase a new ticket for zone B and pay for it separately.<\/p>\n\n\n\n<p>In the Kotka and Pyht\u00e4\u00e4 area&#8217;s minibuses (Jyrkil\u00e4), debit card payments work differently from the rest of the transport system. The ticket price is the same as for cash purchases. This is due to differences in equipment.<br>Hamina\u2019s minibuses use two different types of equipment, meaning some buses have a local fare system while others use a cash fare system. Tickets purchased at the local fare cannot be used on buses that operate with a cash fare.<\/p>\n\n\n<a href=\"\/\/jonnejaminne.fi\/en\/tickets-and-prices\/price-list\/\" class=\"ankkurinappi\">Price list<\/a>\n\n\n\n<a href=\"\/\/jonnejaminne.fi\/en\/tickets-and-prices\/payment-zones\/\" class=\"ankkurinappi\">Payment zones<\/a>\n\n\n\n\n<h3 class=\"wp-block-heading\">Ticket validity and right of exchange<\/h3>\n\n\n\n<p><strong>Ticket validity:<\/strong> A contactless single ticket is valid for 60 minutes within one zone and 90 minutes within two zones. For technical reasons, the validity period is temporarily 90 minutes for all zone trips. During this period, you can change buses free of charge within the zones purchased. <\/p>\n\n\n\n<p>When transferring, use the same method of contactless payment for all stages of your journey. Different payment methods, such as a physical debit card and a debit card on your phone, are treated as separate payments.<\/p>\n\n\n\n<p>Hamina minibuses have two types of payment systems. Tickets purchased with contactless payment can&#8217;t be used to transfer to certain Hamina minibuses, depending on the type of equipment.<\/p>\n\n\n\n<h3 class=\"wp-block-heading\"><strong>Payment Methods<\/strong><\/h3>\n\n\n\n<ul class=\"wp-block-list\">\n<li>Accepted cards for contactless payment: Visa, Visa Electron, Mastercard, and Eurocard.<\/li>\n\n\n\n<li>Cards linked to smart devices (e.g., phone) are also valid.<\/li>\n<\/ul>\n\n\n\n<p>Ensure your card has contactless payment enabled or that the payment app on your smart device is linked to your payment card.<\/p>\n\n\n\n<p>Note<strong>:<\/strong> You cannot use contactless payment to load value or season tickets onto a Waltti travel card.<\/p>\n\n\n\n<h3 class=\"wp-block-heading\">Receipt and payment verification<\/h3>\n\n\n\n<p>You will not receive a receipt for contactless payments on the bus. The fare is calculated automatically in the system based on your journey within the ticket\u2019s validity period. A pre-authorization will be made to your bank account before the final charge.<\/p>\n\n\n\n<p>You can check your payments, journeys, and print receipts via the <a href=\"https:\/\/jonnejaminne.littlepay.com\/jonne-ja-minne\" target=\"_blank\" rel=\"noreferrer noopener\">customer portal<\/a>.<strong> <\/strong><br>For receipts from mobile wallets (e.g., Wallet), send a request to joukkoliikenne@kotka.fi. Don\u2019t forget to include the last 4 digits of your payment card number from your mobile device.<\/p>\n\n\n\n<h3 class=\"wp-block-heading\"><strong>PIN Code and Contactless Payment<\/strong><\/h3>\n\n\n\n<p>When using contactless payment, no PIN is required. However, if your card asks for a PIN, it will not work on the bus. In this case, use your card at a bank terminal (example in a shop) to enter your PIN. <br>If the card is not working, you are not entitled to a free ride.<\/p>\n","protected":false},"excerpt":{"rendered":"<p>Paying with contactless payment 1. Select the contactless payment button on the screen. 2. Select the zones where you plan to travel 3. Insert the payment device into the debit reader on the left side of the device. The device acknowledges a successful purchase with<\/p>\n","protected":false},"author":5,"featured_media":3161,"parent":3473,"menu_order":0,"comment_status":"closed","ping_status":"closed","template":"","meta":{"_acf_changed":false,"inline_featured_image":false,"footnotes":""},"class_list":["post-3517","page","type-page","status-publish","has-post-thumbnail","hentry"],"acf":[],"yoast_head":"<!-- This site is optimized with the Yoast SEO plugin v27.2 - https:\/\/yoast.com\/product\/yoast-seo-wordpress\/ -->\n<title>Contactless payment - Jonne ja Minne<\/title>\n<meta name=\"robots\" content=\"index, follow, max-snippet:-1, max-image-preview:large, max-video-preview:-1\" \/>\n<link rel=\"canonical\" href=\"https:\/\/jonnejaminne.fi\/en\/tickets-and-prices\/contactless-payment\/\" \/>\n<meta property=\"og:locale\" content=\"en_US\" \/>\n<meta property=\"og:type\" content=\"article\" \/>\n<meta property=\"og:title\" content=\"Contactless payment - Jonne ja Minne\" \/>\n<meta property=\"og:description\" content=\"Paying with contactless payment 1. Select the contactless payment button on the screen. 2. Select the zones where you plan to travel 3. Insert the payment device into the debit reader on the left side of the device. The device acknowledges a successful purchase with\" \/>\n<meta property=\"og:url\" content=\"https:\/\/jonnejaminne.fi\/en\/tickets-and-prices\/contactless-payment\/\" \/>\n<meta property=\"og:site_name\" content=\"Jonne ja Minne\" \/>\n<meta property=\"article:modified_time\" content=\"2025-02-07T12:35:37+00:00\" \/>\n<meta property=\"og:image\" content=\"https:\/\/jonnejaminne.fi\/wp-content\/uploads\/2024\/09\/lahimaksu.jpg\" \/>\n\t<meta property=\"og:image:width\" content=\"1920\" \/>\n\t<meta property=\"og:image:height\" content=\"350\" \/>\n\t<meta property=\"og:image:type\" content=\"image\/png\" \/>\n<meta name=\"twitter:card\" content=\"summary_large_image\" \/>\n<script type=\"application\/ld+json\" class=\"yoast-schema-graph\">{\"@context\":\"https:\/\/schema.org\",\"@graph\":[{\"@type\":\"WebPage\",\"@id\":\"https:\/\/jonnejaminne.fi\/en\/tickets-and-prices\/contactless-payment\/\",\"url\":\"https:\/\/jonnejaminne.fi\/en\/tickets-and-prices\/contactless-payment\/\",\"name\":\"Contactless payment - Jonne ja Minne\",\"isPartOf\":{\"@id\":\"https:\/\/jonnejaminne.fi\/en\/#website\"},\"primaryImageOfPage\":{\"@id\":\"https:\/\/jonnejaminne.fi\/en\/tickets-and-prices\/contactless-payment\/#primaryimage\"},\"image\":{\"@id\":\"https:\/\/jonnejaminne.fi\/en\/tickets-and-prices\/contactless-payment\/#primaryimage\"},\"thumbnailUrl\":\"https:\/\/jonnejaminne.fi\/wp-content\/uploads\/2024\/09\/lahimaksu.jpg\",\"datePublished\":\"2024-09-25T11:08:26+00:00\",\"dateModified\":\"2025-02-07T12:35:37+00:00\",\"breadcrumb\":{\"@id\":\"https:\/\/jonnejaminne.fi\/en\/tickets-and-prices\/contactless-payment\/#breadcrumb\"},\"inLanguage\":\"en-US\",\"potentialAction\":[{\"@type\":\"ReadAction\",\"target\":[\"https:\/\/jonnejaminne.fi\/en\/tickets-and-prices\/contactless-payment\/\"]}]},{\"@type\":\"ImageObject\",\"inLanguage\":\"en-US\",\"@id\":\"https:\/\/jonnejaminne.fi\/en\/tickets-and-prices\/contactless-payment\/#primaryimage\",\"url\":\"https:\/\/jonnejaminne.fi\/wp-content\/uploads\/2024\/09\/lahimaksu.jpg\",\"contentUrl\":\"https:\/\/jonnejaminne.fi\/wp-content\/uploads\/2024\/09\/lahimaksu.jpg\",\"width\":1920,\"height\":350},{\"@type\":\"BreadcrumbList\",\"@id\":\"https:\/\/jonnejaminne.fi\/en\/tickets-and-prices\/contactless-payment\/#breadcrumb\",\"itemListElement\":[{\"@type\":\"ListItem\",\"position\":1,\"name\":\"Home\",\"item\":\"https:\/\/jonnejaminne.fi\/en\/\"},{\"@type\":\"ListItem\",\"position\":2,\"name\":\"Tickets and prices\",\"item\":\"https:\/\/jonnejaminne.fi\/en\/?page_id=3473\"},{\"@type\":\"ListItem\",\"position\":3,\"name\":\"Contactless payment\"}]},{\"@type\":\"WebSite\",\"@id\":\"https:\/\/jonnejaminne.fi\/en\/#website\",\"url\":\"https:\/\/jonnejaminne.fi\/en\/\",\"name\":\"Jonne ja Minne\",\"description\":\"\",\"publisher\":{\"@id\":\"https:\/\/jonnejaminne.fi\/en\/#organization\"},\"potentialAction\":[{\"@type\":\"SearchAction\",\"target\":{\"@type\":\"EntryPoint\",\"urlTemplate\":\"https:\/\/jonnejaminne.fi\/en\/?s={search_term_string}\"},\"query-input\":{\"@type\":\"PropertyValueSpecification\",\"valueRequired\":true,\"valueName\":\"search_term_string\"}}],\"inLanguage\":\"en-US\"},{\"@type\":\"Organization\",\"@id\":\"https:\/\/jonnejaminne.fi\/en\/#organization\",\"name\":\"Jonne ja Minne\",\"url\":\"https:\/\/jonnejaminne.fi\/en\/\",\"logo\":{\"@type\":\"ImageObject\",\"inLanguage\":\"en-US\",\"@id\":\"https:\/\/jonnejaminne.fi\/en\/#\/schema\/logo\/image\/\",\"url\":\"https:\/\/jonnejaminne.fi\/wp-content\/uploads\/2024\/04\/KSL_JM_bussit-logo_vaaka_rgb-1-1.png\",\"contentUrl\":\"https:\/\/jonnejaminne.fi\/wp-content\/uploads\/2024\/04\/KSL_JM_bussit-logo_vaaka_rgb-1-1.png\",\"width\":1136,\"height\":424,\"caption\":\"Jonne ja Minne\"},\"image\":{\"@id\":\"https:\/\/jonnejaminne.fi\/en\/#\/schema\/logo\/image\/\"}}]}<\/script>\n<!-- \/ Yoast SEO plugin. -->","yoast_head_json":{"title":"Contactless payment - Jonne ja Minne","robots":{"index":"index","follow":"follow","max-snippet":"max-snippet:-1","max-image-preview":"max-image-preview:large","max-video-preview":"max-video-preview:-1"},"canonical":"https:\/\/jonnejaminne.fi\/en\/tickets-and-prices\/contactless-payment\/","og_locale":"en_US","og_type":"article","og_title":"Contactless payment - Jonne ja Minne","og_description":"Paying with contactless payment 1. Select the contactless payment button on the screen. 2. Select the zones where you plan to travel 3. Insert the payment device into the debit reader on the left side of the device. The device acknowledges a successful purchase with","og_url":"https:\/\/jonnejaminne.fi\/en\/tickets-and-prices\/contactless-payment\/","og_site_name":"Jonne ja Minne","article_modified_time":"2025-02-07T12:35:37+00:00","og_image":[{"width":1920,"height":350,"url":"https:\/\/jonnejaminne.fi\/wp-content\/uploads\/2024\/09\/lahimaksu.jpg","type":"image\/png"}],"twitter_card":"summary_large_image","schema":{"@context":"https:\/\/schema.org","@graph":[{"@type":"WebPage","@id":"https:\/\/jonnejaminne.fi\/en\/tickets-and-prices\/contactless-payment\/","url":"https:\/\/jonnejaminne.fi\/en\/tickets-and-prices\/contactless-payment\/","name":"Contactless payment - Jonne ja Minne","isPartOf":{"@id":"https:\/\/jonnejaminne.fi\/en\/#website"},"primaryImageOfPage":{"@id":"https:\/\/jonnejaminne.fi\/en\/tickets-and-prices\/contactless-payment\/#primaryimage"},"image":{"@id":"https:\/\/jonnejaminne.fi\/en\/tickets-and-prices\/contactless-payment\/#primaryimage"},"thumbnailUrl":"https:\/\/jonnejaminne.fi\/wp-content\/uploads\/2024\/09\/lahimaksu.jpg","datePublished":"2024-09-25T11:08:26+00:00","dateModified":"2025-02-07T12:35:37+00:00","breadcrumb":{"@id":"https:\/\/jonnejaminne.fi\/en\/tickets-and-prices\/contactless-payment\/#breadcrumb"},"inLanguage":"en-US","potentialAction":[{"@type":"ReadAction","target":["https:\/\/jonnejaminne.fi\/en\/tickets-and-prices\/contactless-payment\/"]}]},{"@type":"ImageObject","inLanguage":"en-US","@id":"https:\/\/jonnejaminne.fi\/en\/tickets-and-prices\/contactless-payment\/#primaryimage","url":"https:\/\/jonnejaminne.fi\/wp-content\/uploads\/2024\/09\/lahimaksu.jpg","contentUrl":"https:\/\/jonnejaminne.fi\/wp-content\/uploads\/2024\/09\/lahimaksu.jpg","width":1920,"height":350},{"@type":"BreadcrumbList","@id":"https:\/\/jonnejaminne.fi\/en\/tickets-and-prices\/contactless-payment\/#breadcrumb","itemListElement":[{"@type":"ListItem","position":1,"name":"Home","item":"https:\/\/jonnejaminne.fi\/en\/"},{"@type":"ListItem","position":2,"name":"Tickets and prices","item":"https:\/\/jonnejaminne.fi\/en\/?page_id=3473"},{"@type":"ListItem","position":3,"name":"Contactless payment"}]},{"@type":"WebSite","@id":"https:\/\/jonnejaminne.fi\/en\/#website","url":"https:\/\/jonnejaminne.fi\/en\/","name":"Jonne ja Minne","description":"","publisher":{"@id":"https:\/\/jonnejaminne.fi\/en\/#organization"},"potentialAction":[{"@type":"SearchAction","target":{"@type":"EntryPoint","urlTemplate":"https:\/\/jonnejaminne.fi\/en\/?s={search_term_string}"},"query-input":{"@type":"PropertyValueSpecification","valueRequired":true,"valueName":"search_term_string"}}],"inLanguage":"en-US"},{"@type":"Organization","@id":"https:\/\/jonnejaminne.fi\/en\/#organization","name":"Jonne ja Minne","url":"https:\/\/jonnejaminne.fi\/en\/","logo":{"@type":"ImageObject","inLanguage":"en-US","@id":"https:\/\/jonnejaminne.fi\/en\/#\/schema\/logo\/image\/","url":"https:\/\/jonnejaminne.fi\/wp-content\/uploads\/2024\/04\/KSL_JM_bussit-logo_vaaka_rgb-1-1.png","contentUrl":"https:\/\/jonnejaminne.fi\/wp-content\/uploads\/2024\/04\/KSL_JM_bussit-logo_vaaka_rgb-1-1.png","width":1136,"height":424,"caption":"Jonne ja Minne"},"image":{"@id":"https:\/\/jonnejaminne.fi\/en\/#\/schema\/logo\/image\/"}}]}},"_links":{"self":[{"href":"https:\/\/jonnejaminne.fi\/en\/wp-json\/wp\/v2\/pages\/3517","targetHints":{"allow":["GET"]}}],"collection":[{"href":"https:\/\/jonnejaminne.fi\/en\/wp-json\/wp\/v2\/pages"}],"about":[{"href":"https:\/\/jonnejaminne.fi\/en\/wp-json\/wp\/v2\/types\/page"}],"author":[{"embeddable":true,"href":"https:\/\/jonnejaminne.fi\/en\/wp-json\/wp\/v2\/users\/5"}],"replies":[{"embeddable":true,"href":"https:\/\/jonnejaminne.fi\/en\/wp-json\/wp\/v2\/comments?post=3517"}],"version-history":[{"count":15,"href":"https:\/\/jonnejaminne.fi\/en\/wp-json\/wp\/v2\/pages\/3517\/revisions"}],"predecessor-version":[{"id":5956,"href":"https:\/\/jonnejaminne.fi\/en\/wp-json\/wp\/v2\/pages\/3517\/revisions\/5956"}],"up":[{"embeddable":true,"href":"https:\/\/jonnejaminne.fi\/en\/wp-json\/wp\/v2\/pages\/3473"}],"wp:featuredmedia":[{"embeddable":true,"href":"https:\/\/jonnejaminne.fi\/en\/wp-json\/wp\/v2\/media\/3161"}],"wp:attachment":[{"href":"https:\/\/jonnejaminne.fi\/en\/wp-json\/wp\/v2\/media?parent=3517"}],"curies":[{"name":"wp","href":"https:\/\/api.w.org\/{rel}","templated":true}]}}