{"id":3522,"date":"2024-04-09T12:02:49","date_gmt":"2024-04-09T09:02:49","guid":{"rendered":"https:\/\/jonnejaminne.mauri.posso.fi\/?page_id=3522"},"modified":"2025-09-25T10:28:02","modified_gmt":"2025-09-25T07:28:02","slug":"service-points","status":"publish","type":"page","link":"https:\/\/jonnejaminne.fi\/en\/tickets-and-prices\/service-points\/","title":{"rendered":"Service points"},"content":{"rendered":"\n<h4 class=\"wp-block-heading\">Waltti service points<\/h4>\n\n\n\n<p><strong>KOTKA<\/strong><br><strong>Service point Ruori (also other customer service issues)<\/strong><br>Kustaankatu 2 (downstairs of the Town Hall, entrance from Keskuskatu)<br>Tel. 05 234 33<br><a href=\"https:\/\/www.kotka.fi\/asioi-ja-osallistu\/asiakaspalvelu\/palvelupiste-ruori\/\">Opening hours<\/a><\/p>\n\n\n\n<p><strong>HAMINA<\/strong><br><strong>Hamina\u2019s customer service point Rinkeli<\/strong>&nbsp;<strong><br><\/strong>Puistokatu 6<br><a href=\"https:\/\/www.hamina.fi\/kaupunki-ja-paatoksenteko\/asiointi-ja-neuvonta\/asiointipalvelu-rinkeli\/\">Opening hours (in finnish)<\/a><\/p>\n\n\n\n<p><strong>PYHT\u00c4\u00c4<\/strong><br><strong>Pyht\u00e4\u00e4 Library<\/strong><br>Huutj\u00e4rventie 30<br><a href=\"https:\/\/pyhtaa.fi\/fi\/vapaa-aika-kulttuuri\/kirjasto\">Opening hours<\/a><\/p>\n\n\n\n<h4 class=\"wp-block-heading\">Waltti sales points<\/h4>\n\n\n\n<p>You can buy a new Waltti travel card and load ticket products onto the card at the sales point. Product transfers from a lost card and KELA-subsidised tickets can only be made at the service points.<\/p>\n\n\n\n<p><strong>R-Kioski (Karhula)<\/strong><br>Sammonaukio 2<br><a href=\"https:\/\/www.r-kioski.fi\/kioskit\/kotka-sammonaukio-2\/\">Opening hours<\/a><\/p>\n","protected":false},"excerpt":{"rendered":"<p>Waltti service points KOTKAService point Ruori (also other customer service issues)Kustaankatu 2 (downstairs of the Town Hall, entrance from Keskuskatu)Tel. 05 234 33Opening hours HAMINAHamina\u2019s customer service point Rinkeli&nbsp;Puistokatu 6Opening hours (in finnish) PYHT\u00c4\u00c4Pyht\u00e4\u00e4 LibraryHuutj\u00e4rventie 30Opening hours Waltti sales points You can buy a new<\/p>\n","protected":false},"author":5,"featured_media":4299,"parent":3473,"menu_order":2,"comment_status":"closed","ping_status":"closed","template":"","meta":{"_acf_changed":false,"inline_featured_image":false,"footnotes":""},"class_list":["post-3522","page","type-page","status-publish","has-post-thumbnail","hentry"],"acf":[],"yoast_head":"<!-- This site is optimized with the Yoast SEO plugin v27.2 - https:\/\/yoast.com\/product\/yoast-seo-wordpress\/ -->\n<title>Service points - Jonne ja Minne<\/title>\n<meta name=\"robots\" content=\"index, follow, max-snippet:-1, max-image-preview:large, max-video-preview:-1\" \/>\n<link rel=\"canonical\" href=\"https:\/\/jonnejaminne.fi\/en\/tickets-and-prices\/service-points\/\" \/>\n<meta property=\"og:locale\" content=\"en_US\" \/>\n<meta property=\"og:type\" content=\"article\" \/>\n<meta property=\"og:title\" content=\"Service points - Jonne ja Minne\" \/>\n<meta property=\"og:description\" content=\"Waltti service points KOTKAService point Ruori (also other customer service issues)Kustaankatu 2 (downstairs of the Town Hall, entrance from Keskuskatu)Tel. 05 234 33Opening hours HAMINAHamina\u2019s customer service point Rinkeli&nbsp;Puistokatu 6Opening hours (in finnish) PYHT\u00c4\u00c4Pyht\u00e4\u00e4 LibraryHuutj\u00e4rventie 30Opening hours Waltti sales points You can buy a new\" \/>\n<meta property=\"og:url\" content=\"https:\/\/jonnejaminne.fi\/en\/tickets-and-prices\/service-points\/\" \/>\n<meta property=\"og:site_name\" content=\"Jonne ja Minne\" \/>\n<meta property=\"article:modified_time\" content=\"2025-09-25T07:28:02+00:00\" \/>\n<meta property=\"og:image\" content=\"https:\/\/jonnejaminne.fi\/wp-content\/uploads\/2024\/09\/ruori.jpg\" \/>\n\t<meta property=\"og:image:width\" content=\"1920\" \/>\n\t<meta property=\"og:image:height\" content=\"350\" \/>\n\t<meta property=\"og:image:type\" content=\"image\/jpeg\" \/>\n<meta name=\"twitter:card\" content=\"summary_large_image\" \/>\n<script type=\"application\/ld+json\" class=\"yoast-schema-graph\">{\"@context\":\"https:\/\/schema.org\",\"@graph\":[{\"@type\":\"WebPage\",\"@id\":\"https:\/\/jonnejaminne.fi\/en\/tickets-and-prices\/service-points\/\",\"url\":\"https:\/\/jonnejaminne.fi\/en\/tickets-and-prices\/service-points\/\",\"name\":\"Service points - Jonne ja Minne\",\"isPartOf\":{\"@id\":\"https:\/\/jonnejaminne.fi\/en\/#website\"},\"primaryImageOfPage\":{\"@id\":\"https:\/\/jonnejaminne.fi\/en\/tickets-and-prices\/service-points\/#primaryimage\"},\"image\":{\"@id\":\"https:\/\/jonnejaminne.fi\/en\/tickets-and-prices\/service-points\/#primaryimage\"},\"thumbnailUrl\":\"https:\/\/jonnejaminne.fi\/wp-content\/uploads\/2024\/09\/ruori.jpg\",\"datePublished\":\"2024-04-09T09:02:49+00:00\",\"dateModified\":\"2025-09-25T07:28:02+00:00\",\"breadcrumb\":{\"@id\":\"https:\/\/jonnejaminne.fi\/en\/tickets-and-prices\/service-points\/#breadcrumb\"},\"inLanguage\":\"en-US\",\"potentialAction\":[{\"@type\":\"ReadAction\",\"target\":[\"https:\/\/jonnejaminne.fi\/en\/tickets-and-prices\/service-points\/\"]}]},{\"@type\":\"ImageObject\",\"inLanguage\":\"en-US\",\"@id\":\"https:\/\/jonnejaminne.fi\/en\/tickets-and-prices\/service-points\/#primaryimage\",\"url\":\"https:\/\/jonnejaminne.fi\/wp-content\/uploads\/2024\/09\/ruori.jpg\",\"contentUrl\":\"https:\/\/jonnejaminne.fi\/wp-content\/uploads\/2024\/09\/ruori.jpg\",\"width\":1920,\"height\":350},{\"@type\":\"BreadcrumbList\",\"@id\":\"https:\/\/jonnejaminne.fi\/en\/tickets-and-prices\/service-points\/#breadcrumb\",\"itemListElement\":[{\"@type\":\"ListItem\",\"position\":1,\"name\":\"Home\",\"item\":\"https:\/\/jonnejaminne.fi\/en\/\"},{\"@type\":\"ListItem\",\"position\":2,\"name\":\"Tickets and prices\",\"item\":\"https:\/\/jonnejaminne.fi\/en\/?page_id=3473\"},{\"@type\":\"ListItem\",\"position\":3,\"name\":\"Service points\"}]},{\"@type\":\"WebSite\",\"@id\":\"https:\/\/jonnejaminne.fi\/en\/#website\",\"url\":\"https:\/\/jonnejaminne.fi\/en\/\",\"name\":\"Jonne ja Minne\",\"description\":\"\",\"publisher\":{\"@id\":\"https:\/\/jonnejaminne.fi\/en\/#organization\"},\"potentialAction\":[{\"@type\":\"SearchAction\",\"target\":{\"@type\":\"EntryPoint\",\"urlTemplate\":\"https:\/\/jonnejaminne.fi\/en\/?s={search_term_string}\"},\"query-input\":{\"@type\":\"PropertyValueSpecification\",\"valueRequired\":true,\"valueName\":\"search_term_string\"}}],\"inLanguage\":\"en-US\"},{\"@type\":\"Organization\",\"@id\":\"https:\/\/jonnejaminne.fi\/en\/#organization\",\"name\":\"Jonne ja Minne\",\"url\":\"https:\/\/jonnejaminne.fi\/en\/\",\"logo\":{\"@type\":\"ImageObject\",\"inLanguage\":\"en-US\",\"@id\":\"https:\/\/jonnejaminne.fi\/en\/#\/schema\/logo\/image\/\",\"url\":\"https:\/\/jonnejaminne.fi\/wp-content\/uploads\/2024\/04\/KSL_JM_bussit-logo_vaaka_rgb-1-1.png\",\"contentUrl\":\"https:\/\/jonnejaminne.fi\/wp-content\/uploads\/2024\/04\/KSL_JM_bussit-logo_vaaka_rgb-1-1.png\",\"width\":1136,\"height\":424,\"caption\":\"Jonne ja Minne\"},\"image\":{\"@id\":\"https:\/\/jonnejaminne.fi\/en\/#\/schema\/logo\/image\/\"}}]}<\/script>\n<!-- \/ Yoast SEO plugin. -->","yoast_head_json":{"title":"Service points - Jonne ja Minne","robots":{"index":"index","follow":"follow","max-snippet":"max-snippet:-1","max-image-preview":"max-image-preview:large","max-video-preview":"max-video-preview:-1"},"canonical":"https:\/\/jonnejaminne.fi\/en\/tickets-and-prices\/service-points\/","og_locale":"en_US","og_type":"article","og_title":"Service points - Jonne ja Minne","og_description":"Waltti service points KOTKAService point Ruori (also other customer service issues)Kustaankatu 2 (downstairs of the Town Hall, entrance from Keskuskatu)Tel. 05 234 33Opening hours HAMINAHamina\u2019s customer service point Rinkeli&nbsp;Puistokatu 6Opening hours (in finnish) PYHT\u00c4\u00c4Pyht\u00e4\u00e4 LibraryHuutj\u00e4rventie 30Opening hours Waltti sales points You can buy a new","og_url":"https:\/\/jonnejaminne.fi\/en\/tickets-and-prices\/service-points\/","og_site_name":"Jonne ja Minne","article_modified_time":"2025-09-25T07:28:02+00:00","og_image":[{"width":1920,"height":350,"url":"https:\/\/jonnejaminne.fi\/wp-content\/uploads\/2024\/09\/ruori.jpg","type":"image\/jpeg"}],"twitter_card":"summary_large_image","schema":{"@context":"https:\/\/schema.org","@graph":[{"@type":"WebPage","@id":"https:\/\/jonnejaminne.fi\/en\/tickets-and-prices\/service-points\/","url":"https:\/\/jonnejaminne.fi\/en\/tickets-and-prices\/service-points\/","name":"Service points - Jonne ja Minne","isPartOf":{"@id":"https:\/\/jonnejaminne.fi\/en\/#website"},"primaryImageOfPage":{"@id":"https:\/\/jonnejaminne.fi\/en\/tickets-and-prices\/service-points\/#primaryimage"},"image":{"@id":"https:\/\/jonnejaminne.fi\/en\/tickets-and-prices\/service-points\/#primaryimage"},"thumbnailUrl":"https:\/\/jonnejaminne.fi\/wp-content\/uploads\/2024\/09\/ruori.jpg","datePublished":"2024-04-09T09:02:49+00:00","dateModified":"2025-09-25T07:28:02+00:00","breadcrumb":{"@id":"https:\/\/jonnejaminne.fi\/en\/tickets-and-prices\/service-points\/#breadcrumb"},"inLanguage":"en-US","potentialAction":[{"@type":"ReadAction","target":["https:\/\/jonnejaminne.fi\/en\/tickets-and-prices\/service-points\/"]}]},{"@type":"ImageObject","inLanguage":"en-US","@id":"https:\/\/jonnejaminne.fi\/en\/tickets-and-prices\/service-points\/#primaryimage","url":"https:\/\/jonnejaminne.fi\/wp-content\/uploads\/2024\/09\/ruori.jpg","contentUrl":"https:\/\/jonnejaminne.fi\/wp-content\/uploads\/2024\/09\/ruori.jpg","width":1920,"height":350},{"@type":"BreadcrumbList","@id":"https:\/\/jonnejaminne.fi\/en\/tickets-and-prices\/service-points\/#breadcrumb","itemListElement":[{"@type":"ListItem","position":1,"name":"Home","item":"https:\/\/jonnejaminne.fi\/en\/"},{"@type":"ListItem","position":2,"name":"Tickets and prices","item":"https:\/\/jonnejaminne.fi\/en\/?page_id=3473"},{"@type":"ListItem","position":3,"name":"Service points"}]},{"@type":"WebSite","@id":"https:\/\/jonnejaminne.fi\/en\/#website","url":"https:\/\/jonnejaminne.fi\/en\/","name":"Jonne ja Minne","description":"","publisher":{"@id":"https:\/\/jonnejaminne.fi\/en\/#organization"},"potentialAction":[{"@type":"SearchAction","target":{"@type":"EntryPoint","urlTemplate":"https:\/\/jonnejaminne.fi\/en\/?s={search_term_string}"},"query-input":{"@type":"PropertyValueSpecification","valueRequired":true,"valueName":"search_term_string"}}],"inLanguage":"en-US"},{"@type":"Organization","@id":"https:\/\/jonnejaminne.fi\/en\/#organization","name":"Jonne ja Minne","url":"https:\/\/jonnejaminne.fi\/en\/","logo":{"@type":"ImageObject","inLanguage":"en-US","@id":"https:\/\/jonnejaminne.fi\/en\/#\/schema\/logo\/image\/","url":"https:\/\/jonnejaminne.fi\/wp-content\/uploads\/2024\/04\/KSL_JM_bussit-logo_vaaka_rgb-1-1.png","contentUrl":"https:\/\/jonnejaminne.fi\/wp-content\/uploads\/2024\/04\/KSL_JM_bussit-logo_vaaka_rgb-1-1.png","width":1136,"height":424,"caption":"Jonne ja Minne"},"image":{"@id":"https:\/\/jonnejaminne.fi\/en\/#\/schema\/logo\/image\/"}}]}},"_links":{"self":[{"href":"https:\/\/jonnejaminne.fi\/en\/wp-json\/wp\/v2\/pages\/3522","targetHints":{"allow":["GET"]}}],"collection":[{"href":"https:\/\/jonnejaminne.fi\/en\/wp-json\/wp\/v2\/pages"}],"about":[{"href":"https:\/\/jonnejaminne.fi\/en\/wp-json\/wp\/v2\/types\/page"}],"author":[{"embeddable":true,"href":"https:\/\/jonnejaminne.fi\/en\/wp-json\/wp\/v2\/users\/5"}],"replies":[{"embeddable":true,"href":"https:\/\/jonnejaminne.fi\/en\/wp-json\/wp\/v2\/comments?post=3522"}],"version-history":[{"count":5,"href":"https:\/\/jonnejaminne.fi\/en\/wp-json\/wp\/v2\/pages\/3522\/revisions"}],"predecessor-version":[{"id":8973,"href":"https:\/\/jonnejaminne.fi\/en\/wp-json\/wp\/v2\/pages\/3522\/revisions\/8973"}],"up":[{"embeddable":true,"href":"https:\/\/jonnejaminne.fi\/en\/wp-json\/wp\/v2\/pages\/3473"}],"wp:featuredmedia":[{"embeddable":true,"href":"https:\/\/jonnejaminne.fi\/en\/wp-json\/wp\/v2\/media\/4299"}],"wp:attachment":[{"href":"https:\/\/jonnejaminne.fi\/en\/wp-json\/wp\/v2\/media?parent=3522"}],"curies":[{"name":"wp","href":"https:\/\/api.w.org\/{rel}","templated":true}]}}