{"id":3523,"date":"2024-04-09T12:03:04","date_gmt":"2024-04-09T09:03:04","guid":{"rendered":"https:\/\/jonnejaminne.mauri.posso.fi\/?page_id=3523"},"modified":"2025-08-29T15:35:17","modified_gmt":"2025-08-29T12:35:17","slug":"price-list","status":"publish","type":"page","link":"https:\/\/jonnejaminne.fi\/en\/tickets-and-prices\/price-list\/","title":{"rendered":"Price list"},"content":{"rendered":"\n<p>You can pay for your journey with cash, contactless payment, a Waltti travel card or a pre-purchased mobile ticket (e.g., Waltti Mobile app).<\/p>\n\n\n\n<p>If you are travelling from Pyht\u00e4\u00e4 to Hamina or vice versa, you will need a ticket for 2 zones.<\/p>\n\n\n<div class=\"accordion-item\">\n    <button class=\"accordion-title\"><i class=\"fa-solid fa-chevron-right\"><\/i><i class=\"fa-solid fa-chevron-down\"><\/i>Single ticket (Contactless payment)<\/button>\n    <div class=\"accordion-content\">\n\n<p>Valid for 90 minutes from the time of purchase.<\/p>\n\n\n\n<table id=\"tablepress-18\" class=\"tablepress tablepress-id-18\">\n<thead>\n<tr class=\"row-1\">\n\t<td class=\"column-1\"><\/td><th class=\"column-2\">1 ZONE<\/th><th class=\"column-3\">2 ZONES<\/th>\n<\/tr>\n<\/thead>\n<tbody>\n<tr class=\"row-2\">\n\t<td class=\"column-1\"><\/td><td class=\"column-2\">\u20ac3.80<\/td><td class=\"column-3\">\u20ac6.00<\/td>\n<\/tr>\n<\/tbody>\n<\/table>\n<!-- #tablepress-18 from cache -->\n\n<\/div>\n<\/div>\t\t<style>.accordion-item {\n    margin-top: 15px;\n    margin-bottom: 30px;\n}\n\n.accordion-title {\n    background: none;\n    border: none;\n    padding: 0;\n    cursor: pointer;\n    font-size: 28px;\n    line-height: 31px;\n    color: #000;\n    text-align: left;\n    margin-bottom: 10px;\n    white-space: normal;\n    display: flex;\n    align-items: baseline;\n}\n\n.accordion-title:hover,\n.accordion-title:focus {\n    color: #000;\n    background: none;\n}\n\n.accordion-title .fa-chevron-right,\n.accordion-title .fa-chevron-down {\n    font-size: 24px;\n    color: #000;\n    margin-right:20px;\n}\n\n.accordion-title .fa-chevron-down {\n    display: none;\n}\n\n.accordion-item.active .accordion-title .fa-chevron-down {\n    display: inline-block;\n}\n\n.accordion-item.active .accordion-title .fa-chevron-right {\n    display: none;\n}\n\n.accordion-content {\n    display: none;\n}\n\n.accordion-item.active .accordion-content {\n    display: block;\n    padding: 0 44px;\n}\n\n.genesis-custom-blocks-editor__ssr .accordion-content {\n    display: block;\n}\n\n@media screen and (max-width: 767px){\n    \n    .accordion-title{\n      font-size: 23px;\n    }\n    \n    .accordion-title .fa-chevron-right,\n    .accordion-title .fa-chevron-down {\n      font-size: 20px;\n}<\/style>\n\t\t\n\n<div class=\"accordion-item\">\n    <button class=\"accordion-title\"><i class=\"fa-solid fa-chevron-right\"><\/i><i class=\"fa-solid fa-chevron-down\"><\/i>Single ticket (Cash)<\/button>\n    <div class=\"accordion-content\">\n\n<p>The validity period from the time of purchase is 60 minutes for a one-zone ticket and 90 minutes for a two-zone ticket.<\/p>\n\n\n\n<table id=\"tablepress-19\" class=\"tablepress tablepress-id-19\">\n<thead>\n<tr class=\"row-1\">\n\t<td class=\"column-1\"><\/td><th class=\"column-2\">1 ZONE<\/th><th class=\"column-3\">2 ZONES<\/th>\n<\/tr>\n<\/thead>\n<tbody>\n<tr class=\"row-2\">\n\t<td class=\"column-1\">Adult 17 yrs.-<\/td><td class=\"column-2\">\u20ac3.80<\/td><td class=\"column-3\">\u20ac6.00<\/td>\n<\/tr>\n<tr class=\"row-3\">\n\t<td class=\"column-1\">Junior 7-16 yrs.<\/td><td class=\"column-2\">\u20ac2.50<\/td><td class=\"column-3\">\u20ac3.50<\/td>\n<\/tr>\n<\/tbody>\n<\/table>\n<!-- #tablepress-19 from cache -->\n\n<\/div>\n<\/div>\n\n<div class=\"accordion-item\">\n    <button class=\"accordion-title\"><i class=\"fa-solid fa-chevron-right\"><\/i><i class=\"fa-solid fa-chevron-down\"><\/i>Single ticket (Waltti mobile)<\/button>\n    <div class=\"accordion-content\">\n\n<p>Valid for 90 minutes from the time of purchase.<\/p>\n\n\n\n<table id=\"tablepress-20\" class=\"tablepress tablepress-id-20\">\n<thead>\n<tr class=\"row-1\">\n\t<td class=\"column-1\"><\/td><th class=\"column-2\">1 ZONE<\/th><th class=\"column-3\">2 ZONE<\/th>\n<\/tr>\n<\/thead>\n<tbody>\n<tr class=\"row-2\">\n\t<td class=\"column-1\">Adult 17 yrs.-<\/td><td class=\"column-2\">\u20ac3.25<\/td><td class=\"column-3\">\u20ac5.10<\/td>\n<\/tr>\n<tr class=\"row-3\">\n\t<td class=\"column-1\">Junior 7-16 yrs.<\/td><td class=\"column-2\">\u20ac1.95<\/td><td class=\"column-3\">\u20ac3.05<\/td>\n<\/tr>\n<\/tbody>\n<\/table>\n<!-- #tablepress-20 from cache -->\n\n<\/div>\n<\/div>\n\n<div class=\"accordion-item\">\n    <button class=\"accordion-title\"><i class=\"fa-solid fa-chevron-right\"><\/i><i class=\"fa-solid fa-chevron-down\"><\/i>Single ticket (Value Waltti card) <\/button>\n    <div class=\"accordion-content\">\n\n<p>The validity period from the time of purchase is<\/p>\n\n\n\n<table id=\"tablepress-21\" class=\"tablepress tablepress-id-21\">\n<thead>\n<tr class=\"row-1\">\n\t<td class=\"column-1\"><\/td><th class=\"column-2\">1 ZONE<\/th><th class=\"column-3\">2 ZONES<\/th>\n<\/tr>\n<\/thead>\n<tbody>\n<tr class=\"row-2\">\n\t<td class=\"column-1\">Adult 17 yrs.-<\/td><td class=\"column-2\">\u20ac3.25<\/td><td class=\"column-3\">\u20ac5.10<\/td>\n<\/tr>\n<tr class=\"row-3\">\n\t<td class=\"column-1\">Junior 7-16 yrs.<\/td><td class=\"column-2\">\u20ac1.95<\/td><td class=\"column-3\">\u20ac3.05<\/td>\n<\/tr>\n<tr class=\"row-4\">\n\t<td class=\"column-1\">Student \t<\/td><td class=\"column-2\">\u20ac2.25<\/td><td class=\"column-3\">\u20ac3.55<\/td>\n<\/tr>\n<tr class=\"row-5\">\n\t<td class=\"column-1\">Senior +65 yrs.<\/td><td class=\"column-2\">\u20ac2.25<\/td><td class=\"column-3\">\u20ac3.55<\/td>\n<\/tr>\n<\/tbody>\n<\/table>\n<!-- #tablepress-21 from cache -->\n\n<\/div>\n<\/div>\n\n<div class=\"accordion-item\">\n    <button class=\"accordion-title\"><i class=\"fa-solid fa-chevron-right\"><\/i><i class=\"fa-solid fa-chevron-down\"><\/i>Season ticket 30 days (Waltti card and Waltti Mobile)<\/button>\n    <div class=\"accordion-content\">\n\n<p>On mobile, the validity period starts at the time of purchase, while on a card, it begins with the first validation.<\/p>\n\n\n\n<table id=\"tablepress-22\" class=\"tablepress tablepress-id-22\">\n<thead>\n<tr class=\"row-1\">\n\t<td class=\"column-1\"><\/td><th class=\"column-2\">1 ZONE<\/th><th class=\"column-3\">2 ZONES<\/th>\n<\/tr>\n<\/thead>\n<tbody>\n<tr class=\"row-2\">\n\t<td class=\"column-1\">Adult 17 yrs.-<\/td><td class=\"column-2\">\u20ac57<\/td><td class=\"column-3\">\u20ac62<\/td>\n<\/tr>\n<tr class=\"row-3\">\n\t<td class=\"column-1\">Junior 7-16 yrs.<\/td><td class=\"column-2\">\u20ac34<\/td><td class=\"column-3\">\u20ac37<\/td>\n<\/tr>\n<tr class=\"row-4\">\n\t<td class=\"column-1\">Student<\/td><td class=\"column-2\">\u20ac40<\/td><td class=\"column-3\">\u20ac43<\/td>\n<\/tr>\n<tr class=\"row-5\">\n\t<td class=\"column-1\">Senior +65 yrs.<\/td><td class=\"column-2\">\u20ac40<\/td><td class=\"column-3\">\u20ac43<\/td>\n<\/tr>\n<\/tbody>\n<\/table>\n<!-- #tablepress-22 from cache -->\n\n<\/div>\n<\/div>\n\n<div class=\"accordion-item\">\n    <button class=\"accordion-title\"><i class=\"fa-solid fa-chevron-right\"><\/i><i class=\"fa-solid fa-chevron-down\"><\/i>Season ticket 90 days (Waltti card and Waltti Mobile)<\/button>\n    <div class=\"accordion-content\">\n\n<p>On mobile, the validity period starts at the time of purchase, while on a card, it begins with the first validation.<\/p>\n\n\n\n<table id=\"tablepress-23\" class=\"tablepress tablepress-id-23\">\n<thead>\n<tr class=\"row-1\">\n\t<td class=\"column-1\"><\/td><th class=\"column-2\">1 ZONE<\/th><th class=\"column-3\">2 ZONES<\/th>\n<\/tr>\n<\/thead>\n<tbody>\n<tr class=\"row-2\">\n\t<td class=\"column-1\">Adult 17 yrs.-<\/td><td class=\"column-2\">\u20ac160<\/td><td class=\"column-3\">\u20ac174<\/td>\n<\/tr>\n<tr class=\"row-3\">\n\t<td class=\"column-1\">Junior 7-16 yrs.<\/td><td class=\"column-2\">\u20ac96<\/td><td class=\"column-3\">\u20ac104<\/td>\n<\/tr>\n<tr class=\"row-4\">\n\t<td class=\"column-1\">Student<\/td><td class=\"column-2\">\u20ac112<\/td><td class=\"column-3\">\u20ac122<\/td>\n<\/tr>\n<tr class=\"row-5\">\n\t<td class=\"column-1\">Senior +65 yrs.<\/td><td class=\"column-2\">\u20ac112<\/td><td class=\"column-3\">\u20ac122<\/td>\n<\/tr>\n<\/tbody>\n<\/table>\n<!-- #tablepress-23 from cache -->\n\n<\/div>\n<\/div>\n\n<div class=\"accordion-item\">\n    <button class=\"accordion-title\"><i class=\"fa-solid fa-chevron-right\"><\/i><i class=\"fa-solid fa-chevron-down\"><\/i>Season ticket 365 days (Waltti card and Waltti Mobile)<\/button>\n    <div class=\"accordion-content\">\n\n<p>On mobile, the validity period starts at the time of purchase, while on a card, it begins with the first validation.<\/p>\n\n\n\n<table id=\"tablepress-24\" class=\"tablepress tablepress-id-24\">\n<thead>\n<tr class=\"row-1\">\n\t<td class=\"column-1\"><\/td><th class=\"column-2\">1 ZONE<\/th><th class=\"column-3\">2 ZONES<\/th>\n<\/tr>\n<\/thead>\n<tbody>\n<tr class=\"row-2\">\n\t<td class=\"column-1\">Adult 17 yrs.-<\/td><td class=\"column-2\">\u20ac560<\/td><td class=\"column-3\">\u20ac610<\/td>\n<\/tr>\n<tr class=\"row-3\">\n\t<td class=\"column-1\">Junior 7-16 yrs.<\/td><td class=\"column-2\">\u20ac335<\/td><td class=\"column-3\">\u20ac360<\/td>\n<\/tr>\n<tr class=\"row-4\">\n\t<td class=\"column-1\">Student<\/td><td class=\"column-2\">\u20ac390<\/td><td class=\"column-3\">\u20ac420<\/td>\n<\/tr>\n<tr class=\"row-5\">\n\t<td class=\"column-1\">Senior +65 yrs.<\/td><td class=\"column-2\">\u20ac390<\/td><td class=\"column-3\">\u20ac420<\/td>\n<\/tr>\n<\/tbody>\n<\/table>\n<!-- #tablepress-24 from cache -->\n\n<\/div>\n<\/div>\n\n<div class=\"accordion-item\">\n    <button class=\"accordion-title\"><i class=\"fa-solid fa-chevron-right\"><\/i><i class=\"fa-solid fa-chevron-down\"><\/i>Kymenlaakso ticket (Waltti mobile)<\/button>\n    <div class=\"accordion-content\">\n\n<p>The validity period starts from the moment of purchase.<\/p>\n\n\n\n<table id=\"tablepress-25\" class=\"tablepress tablepress-id-25\">\n<thead>\n<tr class=\"row-1\">\n\t<td class=\"column-1\"><\/td><th class=\"column-2\">Single ticket 2 h<\/th><th class=\"column-3\">Season ticket 30 days<\/th>\n<\/tr>\n<\/thead>\n<tbody>\n<tr class=\"row-2\">\n\t<td class=\"column-1\">Train and local transport within Kotka (bus zone A)<\/td><td class=\"column-2\">\u20ac5.40<\/td><td class=\"column-3\">\u20ac75<\/td>\n<\/tr>\n<tr class=\"row-3\">\n\t<td class=\"column-1\">Train and local transport within Kotka (all bus zones)<\/td><td class=\"column-2\">\u20ac7<\/td><td class=\"column-3\">\u20ac77<\/td>\n<\/tr>\n<tr class=\"row-4\">\n\t<td class=\"column-1\">Train Kouvola - Kotka and local bus services in Kotka (bus zone A)<\/td><td class=\"column-2\">\u20ac7<\/td><td class=\"column-3\">\u20ac109<\/td>\n<\/tr>\n<tr class=\"row-5\">\n\t<td class=\"column-1\">Train Kouvola - Kotka and local bus services in Kouvola and Kotka<br \/>\n (all bus zones)<\/td><td class=\"column-2\">\u20ac7.90<\/td><td class=\"column-3\">\u20ac112<\/td>\n<\/tr>\n<tr class=\"row-6\">\n\t<td class=\"column-1\">Train Kotka - Kouvola and local services in Kotka (bus zone A) and Kouvola<\/td><td class=\"column-2\">\u20ac9<\/td><td class=\"column-3\">\u20ac129<\/td>\n<\/tr>\n<tr class=\"row-7\">\n\t<td class=\"column-1\">Train Kotka - Kouvola and local services in Kotka (all bus zones) and Kouvola<\/td><td class=\"column-2\">\u20ac9.40<\/td><td class=\"column-3\">\u20ac129<\/td>\n<\/tr>\n<\/tbody>\n<\/table>\n<!-- #tablepress-25 from cache -->\n\n<\/div>\n<\/div>\n\n<div class=\"accordion-item\">\n    <button class=\"accordion-title\"><i class=\"fa-solid fa-chevron-right\"><\/i><i class=\"fa-solid fa-chevron-down\"><\/i>Day ticket (Waltti mobile and cardboard single card 1-7 days)<\/button>\n    <div class=\"accordion-content\">\n\n<p>Validity period 24 h. On mobile the validity period starts from the moment of purchase, on the card from the first stamp. <\/p>\n\n\n\n<table id=\"tablepress-26\" class=\"tablepress tablepress-id-26\">\n<thead>\n<tr class=\"row-1\">\n\t<td class=\"column-1\"><\/td><th class=\"column-2\">1 ZONE<\/th><th class=\"column-3\">2 ZONES<\/th>\n<\/tr>\n<\/thead>\n<tbody>\n<tr class=\"row-2\">\n\t<td class=\"column-1\">Adult 17 yrs.-<\/td><td class=\"column-2\">\u20ac8.50<\/td><td class=\"column-3\">\u20ac13.00<\/td>\n<\/tr>\n<tr class=\"row-3\">\n\t<td class=\"column-1\">Junior 7-16 yrs.<\/td><td class=\"column-2\">\u20ac8.50<\/td><td class=\"column-3\">\u20ac13.00<\/td>\n<\/tr>\n<\/tbody>\n<\/table>\n<!-- #tablepress-26 from cache -->\n\n<\/div>\n<\/div>\n\n<div class=\"accordion-item\">\n    <button class=\"accordion-title\"><i class=\"fa-solid fa-chevron-right\"><\/i><i class=\"fa-solid fa-chevron-down\"><\/i>Other prices<\/button>\n    <div class=\"accordion-content\">\n\n<table id=\"tablepress-27\" class=\"tablepress tablepress-id-27\">\n<thead>\n<tr class=\"row-1\">\n\t<th class=\"column-1\">Service<\/th><th class=\"column-2\">Price<\/th>\n<\/tr>\n<\/thead>\n<tbody>\n<tr class=\"row-2\">\n\t<td class=\"column-1\">Transport of bicycles or electric scooters in the middle of the city bus*<\/td><td class=\"column-2\">\u20ac1.50 (Cash only)<\/td>\n<\/tr>\n<tr class=\"row-3\">\n\t<td class=\"column-1\">Folding scooters (in the passenger footwell, so as not to take up space from other passengers)<\/td><td class=\"column-2\">\u20ac0<\/td>\n<\/tr>\n<tr class=\"row-4\">\n\t<td class=\"column-1\">Child (under 7 y.o.) with adult<\/td><td class=\"column-2\">\u20ac0<\/td>\n<\/tr>\n<tr class=\"row-5\">\n\t<td class=\"column-1\">Rollator *<br \/>\nYou can travel with the Rollator free of charge on city buses* on weekdays from 9am to 2pm and from 5.30pm onwards, as well as on weekends and public holidays. At other times, the normal ticket price applies.<\/td><td class=\"column-2\">\u20ac0<\/td>\n<\/tr>\n<tr class=\"row-6\">\n\t<td class=\"column-1\">Wheelchair *<br \/>\nIn addition, a wheelchair user's assistant when the wheelchair user has an EU disability card. <br \/>\nThe wheelchair user pays the normal fare.<\/td><td class=\"column-2\">\u20ac0<\/td>\n<\/tr>\n<tr class=\"row-7\">\n\t<td class=\"column-1\">Assistant for a disabled person when the passenger holds an EU Disability Card with an A-code<\/td><td class=\"column-2\">\u20ac0<\/td>\n<\/tr>\n<tr class=\"row-8\">\n\t<td class=\"column-1\">Passengers using prams or strollers on city bus*<\/td><td class=\"column-2\">\u20ac0<\/td>\n<\/tr>\n<tr class=\"row-9\">\n\t<td class=\"column-1\">Waltti card loading fee at waltti.fi and in service centers<\/td><td class=\"column-2\">\u20ac0<\/td>\n<\/tr>\n<tr class=\"row-10\">\n\t<td class=\"column-1\">Waltti card loading in R-Kioski, loading fee + VAT 25,5%<\/td><td class=\"column-2\">3.06% of the pre-tax value<br \/>\nof the charge<\/td>\n<\/tr>\n<tr class=\"row-11\">\n\t<td class=\"column-1\">Waltti card loading in bus, loading fee (inc. VAT 25,5%)<\/td><td class=\"column-2\">\u20ac2<\/td>\n<\/tr>\n<tr class=\"row-12\">\n\t<td class=\"column-1\">New Waltti card (inc. VAT 14%)<\/td><td class=\"column-2\">\u20ac5<\/td>\n<\/tr>\n<tr class=\"row-13\">\n\t<td class=\"column-1\">Reflective Jonne &amp; Minne card holder (VAT 25,5%)<\/td><td class=\"column-2\">\u20ac1<\/td>\n<\/tr>\n<\/tbody>\n<\/table>\n<!-- #tablepress-27 from cache -->\n\n\n\n<p><strong>*) City buses<\/strong><\/p>\n\n\n\n<p>City buses include all services on lines 1-37B in Kotka and services between Kotka and Hamina and lines 90, 90H, 90P in Pyht\u00e4\u00e4 and between Pyht\u00e4\u00e4 and Kotka, except for:<\/p>\n\n\n\n<ul class=\"wp-block-list\">\n<li>Line 1M<\/li>\n\n\n\n<li>Minibus services on lines 5B, 5C, 6B, 7K, 9B, 9J, 9M, 13H, 23, 23S, 27R, 34B, 35B, 37B<\/li>\n\n\n\n<li>Lines marked P, which are not city buses.<\/li>\n<\/ul>\n\n\n\n<p>City buses are low-floor buses, making them accessible for wheelchairs, pushchairs, bicycles, and scooters through the central doors, provided there is enough space on the bus.<\/p>\n\n<\/div>\n<\/div>\n\n\n<p><a href=\"https:\/\/jonnejaminne.fi\/wp-content\/uploads\/2025\/08\/Price-list-2025-8-27-VAT14.pdf\" target=\"_blank\" rel=\"noreferrer noopener\">Full list of ticket prices<\/a><\/p>\n\n\n\n<h4 class=\"wp-block-heading\"><strong>Children Aged 0-6<\/strong><\/h4>\n\n\n\n<p>Children under 7 years of age travel free of charge when accompanied by a paying adult or with a travel card for children under 7 years of age. Children under 7 years of age traveling alone and paying in cash pay the normal child fare for their journey.<\/p>\n\n\n\n<h4 class=\"wp-block-heading\"><strong>Liikenne Vuorela<\/strong><\/h4>\n\n\n\n<p>On Liikenne Vuorela services in the Hamina area (lines 77 and Hamina &#8211; Alakaupunki &#8211; Leluntie branch), the following tickets are valid for travel within Hamina:<\/p>\n\n\n\n<ul class=\"wp-block-list\">\n<li>Waltti travel card season tickets<\/li>\n\n\n\n<li>Waltti value tickets<\/li>\n\n\n\n<li>Waltti Mobile season tickets<\/li>\n<\/ul>\n\n\n\n<p>One-off tickets are not valid for these services.<\/p>\n\n\n\n<p>Additionally, cash (priced by Vuorela) and Matkahuolto products are accepted.<\/p>\n","protected":false},"excerpt":{"rendered":"<p>You can pay for your journey with cash, contactless payment, a Waltti travel card or a pre-purchased mobile ticket (e.g., Waltti Mobile app). If you are travelling from Pyht\u00e4\u00e4 to Hamina or vice versa, you will need a ticket for 2 zones. Full list of<\/p>\n","protected":false},"author":5,"featured_media":4287,"parent":3473,"menu_order":3,"comment_status":"closed","ping_status":"closed","template":"","meta":{"_acf_changed":false,"inline_featured_image":false,"footnotes":""},"class_list":["post-3523","page","type-page","status-publish","has-post-thumbnail","hentry"],"acf":[],"yoast_head":"<!-- This site is optimized with the Yoast SEO plugin v27.2 - https:\/\/yoast.com\/product\/yoast-seo-wordpress\/ -->\n<title>Price list - Jonne ja Minne<\/title>\n<meta name=\"robots\" content=\"index, follow, max-snippet:-1, max-image-preview:large, max-video-preview:-1\" \/>\n<link rel=\"canonical\" href=\"https:\/\/jonnejaminne.fi\/en\/tickets-and-prices\/price-list\/\" \/>\n<meta property=\"og:locale\" content=\"en_US\" \/>\n<meta property=\"og:type\" content=\"article\" \/>\n<meta property=\"og:title\" content=\"Price list - Jonne ja Minne\" \/>\n<meta property=\"og:description\" content=\"You can pay for your journey with cash, contactless payment, a Waltti travel card or a pre-purchased mobile ticket (e.g., Waltti Mobile app). If you are travelling from Pyht\u00e4\u00e4 to Hamina or vice versa, you will need a ticket for 2 zones. Full list of\" \/>\n<meta property=\"og:url\" content=\"https:\/\/jonnejaminne.fi\/en\/tickets-and-prices\/price-list\/\" \/>\n<meta property=\"og:site_name\" content=\"Jonne ja Minne\" \/>\n<meta property=\"article:modified_time\" content=\"2025-08-29T12:35:17+00:00\" \/>\n<meta property=\"og:image\" content=\"https:\/\/jonnejaminne.fi\/wp-content\/uploads\/2024\/11\/hinnasto.jpg\" \/>\n\t<meta property=\"og:image:width\" content=\"1920\" \/>\n\t<meta property=\"og:image:height\" content=\"350\" \/>\n\t<meta property=\"og:image:type\" content=\"image\/jpeg\" \/>\n<meta name=\"twitter:card\" content=\"summary_large_image\" \/>\n<script type=\"application\/ld+json\" class=\"yoast-schema-graph\">{\"@context\":\"https:\/\/schema.org\",\"@graph\":[{\"@type\":\"WebPage\",\"@id\":\"https:\/\/jonnejaminne.fi\/en\/tickets-and-prices\/price-list\/\",\"url\":\"https:\/\/jonnejaminne.fi\/en\/tickets-and-prices\/price-list\/\",\"name\":\"Price list - Jonne ja Minne\",\"isPartOf\":{\"@id\":\"https:\/\/jonnejaminne.fi\/en\/#website\"},\"primaryImageOfPage\":{\"@id\":\"https:\/\/jonnejaminne.fi\/en\/tickets-and-prices\/price-list\/#primaryimage\"},\"image\":{\"@id\":\"https:\/\/jonnejaminne.fi\/en\/tickets-and-prices\/price-list\/#primaryimage\"},\"thumbnailUrl\":\"https:\/\/jonnejaminne.fi\/wp-content\/uploads\/2024\/11\/hinnasto.jpg\",\"datePublished\":\"2024-04-09T09:03:04+00:00\",\"dateModified\":\"2025-08-29T12:35:17+00:00\",\"breadcrumb\":{\"@id\":\"https:\/\/jonnejaminne.fi\/en\/tickets-and-prices\/price-list\/#breadcrumb\"},\"inLanguage\":\"en-US\",\"potentialAction\":[{\"@type\":\"ReadAction\",\"target\":[\"https:\/\/jonnejaminne.fi\/en\/tickets-and-prices\/price-list\/\"]}]},{\"@type\":\"ImageObject\",\"inLanguage\":\"en-US\",\"@id\":\"https:\/\/jonnejaminne.fi\/en\/tickets-and-prices\/price-list\/#primaryimage\",\"url\":\"https:\/\/jonnejaminne.fi\/wp-content\/uploads\/2024\/11\/hinnasto.jpg\",\"contentUrl\":\"https:\/\/jonnejaminne.fi\/wp-content\/uploads\/2024\/11\/hinnasto.jpg\",\"width\":1920,\"height\":350},{\"@type\":\"BreadcrumbList\",\"@id\":\"https:\/\/jonnejaminne.fi\/en\/tickets-and-prices\/price-list\/#breadcrumb\",\"itemListElement\":[{\"@type\":\"ListItem\",\"position\":1,\"name\":\"Home\",\"item\":\"https:\/\/jonnejaminne.fi\/en\/\"},{\"@type\":\"ListItem\",\"position\":2,\"name\":\"Tickets and prices\",\"item\":\"https:\/\/jonnejaminne.fi\/en\/?page_id=3473\"},{\"@type\":\"ListItem\",\"position\":3,\"name\":\"Price list\"}]},{\"@type\":\"WebSite\",\"@id\":\"https:\/\/jonnejaminne.fi\/en\/#website\",\"url\":\"https:\/\/jonnejaminne.fi\/en\/\",\"name\":\"Jonne ja Minne\",\"description\":\"\",\"publisher\":{\"@id\":\"https:\/\/jonnejaminne.fi\/en\/#organization\"},\"potentialAction\":[{\"@type\":\"SearchAction\",\"target\":{\"@type\":\"EntryPoint\",\"urlTemplate\":\"https:\/\/jonnejaminne.fi\/en\/?s={search_term_string}\"},\"query-input\":{\"@type\":\"PropertyValueSpecification\",\"valueRequired\":true,\"valueName\":\"search_term_string\"}}],\"inLanguage\":\"en-US\"},{\"@type\":\"Organization\",\"@id\":\"https:\/\/jonnejaminne.fi\/en\/#organization\",\"name\":\"Jonne ja Minne\",\"url\":\"https:\/\/jonnejaminne.fi\/en\/\",\"logo\":{\"@type\":\"ImageObject\",\"inLanguage\":\"en-US\",\"@id\":\"https:\/\/jonnejaminne.fi\/en\/#\/schema\/logo\/image\/\",\"url\":\"https:\/\/jonnejaminne.fi\/wp-content\/uploads\/2024\/04\/KSL_JM_bussit-logo_vaaka_rgb-1-1.png\",\"contentUrl\":\"https:\/\/jonnejaminne.fi\/wp-content\/uploads\/2024\/04\/KSL_JM_bussit-logo_vaaka_rgb-1-1.png\",\"width\":1136,\"height\":424,\"caption\":\"Jonne ja Minne\"},\"image\":{\"@id\":\"https:\/\/jonnejaminne.fi\/en\/#\/schema\/logo\/image\/\"}}]}<\/script>\n<!-- \/ Yoast SEO plugin. -->","yoast_head_json":{"title":"Price list - Jonne ja Minne","robots":{"index":"index","follow":"follow","max-snippet":"max-snippet:-1","max-image-preview":"max-image-preview:large","max-video-preview":"max-video-preview:-1"},"canonical":"https:\/\/jonnejaminne.fi\/en\/tickets-and-prices\/price-list\/","og_locale":"en_US","og_type":"article","og_title":"Price list - Jonne ja Minne","og_description":"You can pay for your journey with cash, contactless payment, a Waltti travel card or a pre-purchased mobile ticket (e.g., Waltti Mobile app). If you are travelling from Pyht\u00e4\u00e4 to Hamina or vice versa, you will need a ticket for 2 zones. Full list of","og_url":"https:\/\/jonnejaminne.fi\/en\/tickets-and-prices\/price-list\/","og_site_name":"Jonne ja Minne","article_modified_time":"2025-08-29T12:35:17+00:00","og_image":[{"width":1920,"height":350,"url":"https:\/\/jonnejaminne.fi\/wp-content\/uploads\/2024\/11\/hinnasto.jpg","type":"image\/jpeg"}],"twitter_card":"summary_large_image","schema":{"@context":"https:\/\/schema.org","@graph":[{"@type":"WebPage","@id":"https:\/\/jonnejaminne.fi\/en\/tickets-and-prices\/price-list\/","url":"https:\/\/jonnejaminne.fi\/en\/tickets-and-prices\/price-list\/","name":"Price list - Jonne ja Minne","isPartOf":{"@id":"https:\/\/jonnejaminne.fi\/en\/#website"},"primaryImageOfPage":{"@id":"https:\/\/jonnejaminne.fi\/en\/tickets-and-prices\/price-list\/#primaryimage"},"image":{"@id":"https:\/\/jonnejaminne.fi\/en\/tickets-and-prices\/price-list\/#primaryimage"},"thumbnailUrl":"https:\/\/jonnejaminne.fi\/wp-content\/uploads\/2024\/11\/hinnasto.jpg","datePublished":"2024-04-09T09:03:04+00:00","dateModified":"2025-08-29T12:35:17+00:00","breadcrumb":{"@id":"https:\/\/jonnejaminne.fi\/en\/tickets-and-prices\/price-list\/#breadcrumb"},"inLanguage":"en-US","potentialAction":[{"@type":"ReadAction","target":["https:\/\/jonnejaminne.fi\/en\/tickets-and-prices\/price-list\/"]}]},{"@type":"ImageObject","inLanguage":"en-US","@id":"https:\/\/jonnejaminne.fi\/en\/tickets-and-prices\/price-list\/#primaryimage","url":"https:\/\/jonnejaminne.fi\/wp-content\/uploads\/2024\/11\/hinnasto.jpg","contentUrl":"https:\/\/jonnejaminne.fi\/wp-content\/uploads\/2024\/11\/hinnasto.jpg","width":1920,"height":350},{"@type":"BreadcrumbList","@id":"https:\/\/jonnejaminne.fi\/en\/tickets-and-prices\/price-list\/#breadcrumb","itemListElement":[{"@type":"ListItem","position":1,"name":"Home","item":"https:\/\/jonnejaminne.fi\/en\/"},{"@type":"ListItem","position":2,"name":"Tickets and prices","item":"https:\/\/jonnejaminne.fi\/en\/?page_id=3473"},{"@type":"ListItem","position":3,"name":"Price list"}]},{"@type":"WebSite","@id":"https:\/\/jonnejaminne.fi\/en\/#website","url":"https:\/\/jonnejaminne.fi\/en\/","name":"Jonne ja Minne","description":"","publisher":{"@id":"https:\/\/jonnejaminne.fi\/en\/#organization"},"potentialAction":[{"@type":"SearchAction","target":{"@type":"EntryPoint","urlTemplate":"https:\/\/jonnejaminne.fi\/en\/?s={search_term_string}"},"query-input":{"@type":"PropertyValueSpecification","valueRequired":true,"valueName":"search_term_string"}}],"inLanguage":"en-US"},{"@type":"Organization","@id":"https:\/\/jonnejaminne.fi\/en\/#organization","name":"Jonne ja Minne","url":"https:\/\/jonnejaminne.fi\/en\/","logo":{"@type":"ImageObject","inLanguage":"en-US","@id":"https:\/\/jonnejaminne.fi\/en\/#\/schema\/logo\/image\/","url":"https:\/\/jonnejaminne.fi\/wp-content\/uploads\/2024\/04\/KSL_JM_bussit-logo_vaaka_rgb-1-1.png","contentUrl":"https:\/\/jonnejaminne.fi\/wp-content\/uploads\/2024\/04\/KSL_JM_bussit-logo_vaaka_rgb-1-1.png","width":1136,"height":424,"caption":"Jonne ja Minne"},"image":{"@id":"https:\/\/jonnejaminne.fi\/en\/#\/schema\/logo\/image\/"}}]}},"_links":{"self":[{"href":"https:\/\/jonnejaminne.fi\/en\/wp-json\/wp\/v2\/pages\/3523","targetHints":{"allow":["GET"]}}],"collection":[{"href":"https:\/\/jonnejaminne.fi\/en\/wp-json\/wp\/v2\/pages"}],"about":[{"href":"https:\/\/jonnejaminne.fi\/en\/wp-json\/wp\/v2\/types\/page"}],"author":[{"embeddable":true,"href":"https:\/\/jonnejaminne.fi\/en\/wp-json\/wp\/v2\/users\/5"}],"replies":[{"embeddable":true,"href":"https:\/\/jonnejaminne.fi\/en\/wp-json\/wp\/v2\/comments?post=3523"}],"version-history":[{"count":41,"href":"https:\/\/jonnejaminne.fi\/en\/wp-json\/wp\/v2\/pages\/3523\/revisions"}],"predecessor-version":[{"id":8891,"href":"https:\/\/jonnejaminne.fi\/en\/wp-json\/wp\/v2\/pages\/3523\/revisions\/8891"}],"up":[{"embeddable":true,"href":"https:\/\/jonnejaminne.fi\/en\/wp-json\/wp\/v2\/pages\/3473"}],"wp:featuredmedia":[{"embeddable":true,"href":"https:\/\/jonnejaminne.fi\/en\/wp-json\/wp\/v2\/media\/4287"}],"wp:attachment":[{"href":"https:\/\/jonnejaminne.fi\/en\/wp-json\/wp\/v2\/media?parent=3523"}],"curies":[{"name":"wp","href":"https:\/\/api.w.org\/{rel}","templated":true}]}}