{"id":3544,"date":"2024-04-16T10:32:40","date_gmt":"2024-04-16T07:32:40","guid":{"rendered":"https:\/\/jonnejaminne.mauri.posso.fi\/?page_id=3544"},"modified":"2025-01-24T10:10:58","modified_gmt":"2025-01-24T08:10:58","slug":"long-distance-transport","status":"publish","type":"page","link":"https:\/\/jonnejaminne.fi\/en\/instructions-and-information\/long-distance-transport\/","title":{"rendered":"Long distance transport"},"content":{"rendered":"\n<p>There are several daily long-distance bus services between Kotka and Helsinki, as well as between Hamina and Helsinki. Trains run from Kotka to Kouvola, with connections in different directions.<\/p>\n\n\n\n<p>Bus timetables for long-distance services can be found on the following services (some of which also include trains):<\/p>\n\n\n\n<ul class=\"wp-block-list\">\n<li><a href=\"https:\/\/www.matkahuolto.fi\/en\" target=\"_blank\" rel=\"noreferrer noopener\">Matkahuolto<\/a><\/li>\n\n\n\n<li><a href=\"https:\/\/www.perille.fi\/en\/\" target=\"_blank\" rel=\"noreferrer noopener\">Perille.fi<\/a><\/li>\n<\/ul>\n\n\n\n<p><strong>Long-Distance Bus Stations<\/strong><\/p>\n\n\n\n<ul class=\"wp-block-list\">\n<li><strong>Kotka<\/strong>:\n<ul class=\"wp-block-list\">\n<li>The main long-distance bus station is located in the center of Kotka (Kotkansaari) at Katariinantori (Kymenlaaksonkatu) <a href=\"https:\/\/kotka.digitransit.fi\/pysakit\/Kotka%3A300382#K18\" target=\"_blank\" rel=\"noreferrer noopener\">Map link<\/a>.<\/li>\n\n\n\n<li>Another station is in Karhula (intersection of Vesitorninkatu and Vesivallintie) <a href=\"https:\/\/kotka.digitransit.fi\/pysakit\/Kotka%3A170016\" target=\"_blank\" rel=\"noreferrer noopener\">Map link<\/a>.<\/li>\n\n\n\n<li>Additionally, long-distance services to Helsinki also stop at the Sutela junction, which has an interchange parking area.<\/li>\n<\/ul>\n<\/li>\n\n\n\n<li><strong>Hamina<\/strong>:\n<ul class=\"wp-block-list\">\n<li>The bus station is located at Rautatienkatu 2 <a href=\"https:\/\/kotka.digitransit.fi\/pysakit\/Kotka%3A29083\" target=\"_blank\" rel=\"noreferrer noopener\">Map link<\/a>.<\/li>\n<\/ul>\n<\/li>\n\n\n\n<li><strong>Pyht\u00e4\u00e4<\/strong>:\n<ul class=\"wp-block-list\">\n<li>Most long-distance traffic runs along the E18 motorway, stopping at the Pyht\u00e4\u00e4 kk and Siltakyl\u00e4 motorway interchanges. The Siltakyl\u00e4 stops also have an intermodal parking area.<\/li>\n<\/ul>\n<\/li>\n<\/ul>\n\n\n\n<p><strong>Train Services<\/strong><\/p>\n\n\n\n<p>For train timetables, visit: <a href=\"https:\/\/www.vr.fi\/en\" target=\"_blank\" rel=\"noreferrer noopener\">VR.fi<\/a><\/p>\n\n\n\n<p><strong>Link to the VR stations page<\/strong>: <a href=\"https:\/\/www.vr.fi\/en\/railway-stations-and-routes\" target=\"_blank\" rel=\"noreferrer noopener\">VR Stations<\/a><\/p>\n\n\n\n<p><strong>Kotka<\/strong>:<\/p>\n\n\n\n<p>Kotka railway station is located at Kotkantie 1 <a href=\"https:\/\/www.vr.fi\/en\/railway-stations-and-routes?station=KTA\" target=\"_blank\" rel=\"noreferrer noopener\">Map link<\/a>.<\/p>\n\n\n\n<p>The main train station in Kotka Port is located on Tornatorintie <a href=\"https:\/\/www.vr.fi\/en\/railway-stations-and-routes?station=KTS\" target=\"_blank\" rel=\"noreferrer noopener\">Map link<\/a>.<\/p>\n\n\n\n<p>Kotka also has stations at Paimenportti, Kyminlinna, Kymi, and Tavastila. Kyminlinna station is a short distance from stops for local buses from Karhula and Hamina, for example.<\/p>\n\n\n\n<p><\/p>\n","protected":false},"excerpt":{"rendered":"<p>There are several daily long-distance bus services between Kotka and Helsinki, as well as between Hamina and Helsinki. Trains run from Kotka to Kouvola, with connections in different directions. Bus timetables for long-distance services can be found on the following services (some of which also<\/p>\n","protected":false},"author":5,"featured_media":0,"parent":3472,"menu_order":3,"comment_status":"closed","ping_status":"closed","template":"","meta":{"_acf_changed":false,"inline_featured_image":false,"footnotes":""},"class_list":["post-3544","page","type-page","status-publish","hentry"],"acf":[],"yoast_head":"<!-- This site is optimized with the Yoast SEO plugin v27.2 - https:\/\/yoast.com\/product\/yoast-seo-wordpress\/ -->\n<title>Long distance transport - Jonne ja Minne<\/title>\n<meta name=\"robots\" content=\"index, follow, max-snippet:-1, max-image-preview:large, max-video-preview:-1\" \/>\n<link rel=\"canonical\" href=\"https:\/\/jonnejaminne.fi\/en\/instructions-and-information\/long-distance-transport\/\" \/>\n<meta property=\"og:locale\" content=\"en_US\" \/>\n<meta property=\"og:type\" content=\"article\" \/>\n<meta property=\"og:title\" content=\"Long distance transport - Jonne ja Minne\" \/>\n<meta property=\"og:description\" content=\"There are several daily long-distance bus services between Kotka and Helsinki, as well as between Hamina and Helsinki. Trains run from Kotka to Kouvola, with connections in different directions. Bus timetables for long-distance services can be found on the following services (some of which also\" \/>\n<meta property=\"og:url\" content=\"https:\/\/jonnejaminne.fi\/en\/instructions-and-information\/long-distance-transport\/\" \/>\n<meta property=\"og:site_name\" content=\"Jonne ja Minne\" \/>\n<meta property=\"article:modified_time\" content=\"2025-01-24T08:10:58+00:00\" \/>\n<meta name=\"twitter:card\" content=\"summary_large_image\" \/>\n<script type=\"application\/ld+json\" class=\"yoast-schema-graph\">{\"@context\":\"https:\/\/schema.org\",\"@graph\":[{\"@type\":\"WebPage\",\"@id\":\"https:\/\/jonnejaminne.fi\/en\/instructions-and-information\/long-distance-transport\/\",\"url\":\"https:\/\/jonnejaminne.fi\/en\/instructions-and-information\/long-distance-transport\/\",\"name\":\"Long distance transport - Jonne ja Minne\",\"isPartOf\":{\"@id\":\"https:\/\/jonnejaminne.fi\/en\/#website\"},\"datePublished\":\"2024-04-16T07:32:40+00:00\",\"dateModified\":\"2025-01-24T08:10:58+00:00\",\"breadcrumb\":{\"@id\":\"https:\/\/jonnejaminne.fi\/en\/instructions-and-information\/long-distance-transport\/#breadcrumb\"},\"inLanguage\":\"en-US\",\"potentialAction\":[{\"@type\":\"ReadAction\",\"target\":[\"https:\/\/jonnejaminne.fi\/en\/instructions-and-information\/long-distance-transport\/\"]}]},{\"@type\":\"BreadcrumbList\",\"@id\":\"https:\/\/jonnejaminne.fi\/en\/instructions-and-information\/long-distance-transport\/#breadcrumb\",\"itemListElement\":[{\"@type\":\"ListItem\",\"position\":1,\"name\":\"Home\",\"item\":\"https:\/\/jonnejaminne.fi\/en\/\"},{\"@type\":\"ListItem\",\"position\":2,\"name\":\"Instructions and information\",\"item\":\"https:\/\/jonnejaminne.fi\/en\/instructions-and-information\/\"},{\"@type\":\"ListItem\",\"position\":3,\"name\":\"Long distance transport\"}]},{\"@type\":\"WebSite\",\"@id\":\"https:\/\/jonnejaminne.fi\/en\/#website\",\"url\":\"https:\/\/jonnejaminne.fi\/en\/\",\"name\":\"Jonne ja Minne\",\"description\":\"\",\"publisher\":{\"@id\":\"https:\/\/jonnejaminne.fi\/en\/#organization\"},\"potentialAction\":[{\"@type\":\"SearchAction\",\"target\":{\"@type\":\"EntryPoint\",\"urlTemplate\":\"https:\/\/jonnejaminne.fi\/en\/?s={search_term_string}\"},\"query-input\":{\"@type\":\"PropertyValueSpecification\",\"valueRequired\":true,\"valueName\":\"search_term_string\"}}],\"inLanguage\":\"en-US\"},{\"@type\":\"Organization\",\"@id\":\"https:\/\/jonnejaminne.fi\/en\/#organization\",\"name\":\"Jonne ja Minne\",\"url\":\"https:\/\/jonnejaminne.fi\/en\/\",\"logo\":{\"@type\":\"ImageObject\",\"inLanguage\":\"en-US\",\"@id\":\"https:\/\/jonnejaminne.fi\/en\/#\/schema\/logo\/image\/\",\"url\":\"https:\/\/jonnejaminne.fi\/wp-content\/uploads\/2024\/04\/KSL_JM_bussit-logo_vaaka_rgb-1-1.png\",\"contentUrl\":\"https:\/\/jonnejaminne.fi\/wp-content\/uploads\/2024\/04\/KSL_JM_bussit-logo_vaaka_rgb-1-1.png\",\"width\":1136,\"height\":424,\"caption\":\"Jonne ja Minne\"},\"image\":{\"@id\":\"https:\/\/jonnejaminne.fi\/en\/#\/schema\/logo\/image\/\"}}]}<\/script>\n<!-- \/ Yoast SEO plugin. -->","yoast_head_json":{"title":"Long distance transport - Jonne ja Minne","robots":{"index":"index","follow":"follow","max-snippet":"max-snippet:-1","max-image-preview":"max-image-preview:large","max-video-preview":"max-video-preview:-1"},"canonical":"https:\/\/jonnejaminne.fi\/en\/instructions-and-information\/long-distance-transport\/","og_locale":"en_US","og_type":"article","og_title":"Long distance transport - Jonne ja Minne","og_description":"There are several daily long-distance bus services between Kotka and Helsinki, as well as between Hamina and Helsinki. Trains run from Kotka to Kouvola, with connections in different directions. Bus timetables for long-distance services can be found on the following services (some of which also","og_url":"https:\/\/jonnejaminne.fi\/en\/instructions-and-information\/long-distance-transport\/","og_site_name":"Jonne ja Minne","article_modified_time":"2025-01-24T08:10:58+00:00","twitter_card":"summary_large_image","schema":{"@context":"https:\/\/schema.org","@graph":[{"@type":"WebPage","@id":"https:\/\/jonnejaminne.fi\/en\/instructions-and-information\/long-distance-transport\/","url":"https:\/\/jonnejaminne.fi\/en\/instructions-and-information\/long-distance-transport\/","name":"Long distance transport - Jonne ja Minne","isPartOf":{"@id":"https:\/\/jonnejaminne.fi\/en\/#website"},"datePublished":"2024-04-16T07:32:40+00:00","dateModified":"2025-01-24T08:10:58+00:00","breadcrumb":{"@id":"https:\/\/jonnejaminne.fi\/en\/instructions-and-information\/long-distance-transport\/#breadcrumb"},"inLanguage":"en-US","potentialAction":[{"@type":"ReadAction","target":["https:\/\/jonnejaminne.fi\/en\/instructions-and-information\/long-distance-transport\/"]}]},{"@type":"BreadcrumbList","@id":"https:\/\/jonnejaminne.fi\/en\/instructions-and-information\/long-distance-transport\/#breadcrumb","itemListElement":[{"@type":"ListItem","position":1,"name":"Home","item":"https:\/\/jonnejaminne.fi\/en\/"},{"@type":"ListItem","position":2,"name":"Instructions and information","item":"https:\/\/jonnejaminne.fi\/en\/instructions-and-information\/"},{"@type":"ListItem","position":3,"name":"Long distance transport"}]},{"@type":"WebSite","@id":"https:\/\/jonnejaminne.fi\/en\/#website","url":"https:\/\/jonnejaminne.fi\/en\/","name":"Jonne ja Minne","description":"","publisher":{"@id":"https:\/\/jonnejaminne.fi\/en\/#organization"},"potentialAction":[{"@type":"SearchAction","target":{"@type":"EntryPoint","urlTemplate":"https:\/\/jonnejaminne.fi\/en\/?s={search_term_string}"},"query-input":{"@type":"PropertyValueSpecification","valueRequired":true,"valueName":"search_term_string"}}],"inLanguage":"en-US"},{"@type":"Organization","@id":"https:\/\/jonnejaminne.fi\/en\/#organization","name":"Jonne ja Minne","url":"https:\/\/jonnejaminne.fi\/en\/","logo":{"@type":"ImageObject","inLanguage":"en-US","@id":"https:\/\/jonnejaminne.fi\/en\/#\/schema\/logo\/image\/","url":"https:\/\/jonnejaminne.fi\/wp-content\/uploads\/2024\/04\/KSL_JM_bussit-logo_vaaka_rgb-1-1.png","contentUrl":"https:\/\/jonnejaminne.fi\/wp-content\/uploads\/2024\/04\/KSL_JM_bussit-logo_vaaka_rgb-1-1.png","width":1136,"height":424,"caption":"Jonne ja Minne"},"image":{"@id":"https:\/\/jonnejaminne.fi\/en\/#\/schema\/logo\/image\/"}}]}},"_links":{"self":[{"href":"https:\/\/jonnejaminne.fi\/en\/wp-json\/wp\/v2\/pages\/3544","targetHints":{"allow":["GET"]}}],"collection":[{"href":"https:\/\/jonnejaminne.fi\/en\/wp-json\/wp\/v2\/pages"}],"about":[{"href":"https:\/\/jonnejaminne.fi\/en\/wp-json\/wp\/v2\/types\/page"}],"author":[{"embeddable":true,"href":"https:\/\/jonnejaminne.fi\/en\/wp-json\/wp\/v2\/users\/5"}],"replies":[{"embeddable":true,"href":"https:\/\/jonnejaminne.fi\/en\/wp-json\/wp\/v2\/comments?post=3544"}],"version-history":[{"count":5,"href":"https:\/\/jonnejaminne.fi\/en\/wp-json\/wp\/v2\/pages\/3544\/revisions"}],"predecessor-version":[{"id":5039,"href":"https:\/\/jonnejaminne.fi\/en\/wp-json\/wp\/v2\/pages\/3544\/revisions\/5039"}],"up":[{"embeddable":true,"href":"https:\/\/jonnejaminne.fi\/en\/wp-json\/wp\/v2\/pages\/3472"}],"wp:attachment":[{"href":"https:\/\/jonnejaminne.fi\/en\/wp-json\/wp\/v2\/media?parent=3544"}],"curies":[{"name":"wp","href":"https:\/\/api.w.org\/{rel}","templated":true}]}}