{"id":8473,"date":"2025-05-29T14:49:28","date_gmt":"2025-05-29T11:49:28","guid":{"rendered":"https:\/\/jonnejaminne.fi\/?page_id=8473"},"modified":"2025-12-22T11:11:14","modified_gmt":"2025-12-22T09:11:14","slug":"pyhtaa-timetable","status":"publish","type":"page","link":"https:\/\/jonnejaminne.fi\/en\/timetables-and-routes\/pyhtaa-timetable\/","title":{"rendered":"Pyht\u00e4\u00e4&#8217;s timetable"},"content":{"rendered":"\n<p id=\"block-38b4d67d-dd53-4951-9dc9-4dcf9fcfd973\">If you are traveling in Pyht\u00e4\u00e4, you can easily plan your routes using our Travel guide. The travel guide provides up-to-date information about bus schedules, stops, and connections in the Pyht\u00e4\u00e4 region. You can access the journey planner in English via the following link: <a href=\"https:\/\/kotka.digitransit.fi\/?locale=en\" target=\"_blank\" rel=\"noreferrer noopener\">Travel  guide<\/a><\/p>\n\n\n\n<p>For those who prefer more traditional formats, timetables are also available in PDF format. Please note that the PDF schedules are currently provided only in Finnish. You can view and download them by clicking on the Suomi language version link at the top of the page.<\/p>\n\n\n\n<p id=\"block-38b4d67d-dd53-4951-9dc9-4dcf9fcfd973\">Whether you prefer digital tools or printable schedules, we aim to make your journey in Pyht\u00e4\u00e4 as smooth and convenient as possible.<\/p>\n\n\n\n<p><\/p>\n","protected":false},"excerpt":{"rendered":"<p>If you are traveling in Pyht\u00e4\u00e4, you can easily plan your routes using our Travel guide. The travel guide provides up-to-date information about bus schedules, stops, and connections in the Pyht\u00e4\u00e4 region. You can access the journey planner in English via the following link: Travel<\/p>\n","protected":false},"author":3,"featured_media":4305,"parent":3468,"menu_order":0,"comment_status":"closed","ping_status":"closed","template":"","meta":{"_acf_changed":false,"inline_featured_image":false,"footnotes":""},"class_list":["post-8473","page","type-page","status-publish","has-post-thumbnail","hentry"],"acf":[],"yoast_head":"<!-- This site is optimized with the Yoast SEO plugin v27.2 - https:\/\/yoast.com\/product\/yoast-seo-wordpress\/ -->\n<title>Pyht\u00e4\u00e4&#039;s timetable - Jonne ja Minne<\/title>\n<meta name=\"robots\" content=\"index, follow, max-snippet:-1, max-image-preview:large, max-video-preview:-1\" \/>\n<link rel=\"canonical\" href=\"https:\/\/jonnejaminne.fi\/en\/timetables-and-routes\/pyhtaa-timetable\/\" \/>\n<meta property=\"og:locale\" content=\"en_US\" \/>\n<meta property=\"og:type\" content=\"article\" \/>\n<meta property=\"og:title\" content=\"Pyht\u00e4\u00e4&#039;s timetable - Jonne ja Minne\" \/>\n<meta property=\"og:description\" content=\"If you are traveling in Pyht\u00e4\u00e4, you can easily plan your routes using our Travel guide. The travel guide provides up-to-date information about bus schedules, stops, and connections in the Pyht\u00e4\u00e4 region. You can access the journey planner in English via the following link: Travel\" \/>\n<meta property=\"og:url\" content=\"https:\/\/jonnejaminne.fi\/en\/timetables-and-routes\/pyhtaa-timetable\/\" \/>\n<meta property=\"og:site_name\" content=\"Jonne ja Minne\" \/>\n<meta property=\"article:modified_time\" content=\"2025-12-22T09:11:14+00:00\" \/>\n<meta property=\"og:image\" content=\"https:\/\/jonnejaminne.fi\/wp-content\/uploads\/2024\/11\/pyhtaa-1.jpg\" \/>\n\t<meta property=\"og:image:width\" content=\"1920\" \/>\n\t<meta property=\"og:image:height\" content=\"350\" \/>\n\t<meta property=\"og:image:type\" content=\"image\/jpeg\" \/>\n<meta name=\"twitter:card\" content=\"summary_large_image\" \/>\n<script type=\"application\/ld+json\" class=\"yoast-schema-graph\">{\"@context\":\"https:\/\/schema.org\",\"@graph\":[{\"@type\":\"WebPage\",\"@id\":\"https:\/\/jonnejaminne.fi\/en\/timetables-and-routes\/pyhtaa-timetable\/\",\"url\":\"https:\/\/jonnejaminne.fi\/en\/timetables-and-routes\/pyhtaa-timetable\/\",\"name\":\"Pyht\u00e4\u00e4's timetable - Jonne ja Minne\",\"isPartOf\":{\"@id\":\"https:\/\/jonnejaminne.fi\/en\/#website\"},\"primaryImageOfPage\":{\"@id\":\"https:\/\/jonnejaminne.fi\/en\/timetables-and-routes\/pyhtaa-timetable\/#primaryimage\"},\"image\":{\"@id\":\"https:\/\/jonnejaminne.fi\/en\/timetables-and-routes\/pyhtaa-timetable\/#primaryimage\"},\"thumbnailUrl\":\"https:\/\/jonnejaminne.fi\/wp-content\/uploads\/2024\/11\/pyhtaa-1.jpg\",\"datePublished\":\"2025-05-29T11:49:28+00:00\",\"dateModified\":\"2025-12-22T09:11:14+00:00\",\"breadcrumb\":{\"@id\":\"https:\/\/jonnejaminne.fi\/en\/timetables-and-routes\/pyhtaa-timetable\/#breadcrumb\"},\"inLanguage\":\"en-US\",\"potentialAction\":[{\"@type\":\"ReadAction\",\"target\":[\"https:\/\/jonnejaminne.fi\/en\/timetables-and-routes\/pyhtaa-timetable\/\"]}]},{\"@type\":\"ImageObject\",\"inLanguage\":\"en-US\",\"@id\":\"https:\/\/jonnejaminne.fi\/en\/timetables-and-routes\/pyhtaa-timetable\/#primaryimage\",\"url\":\"https:\/\/jonnejaminne.fi\/wp-content\/uploads\/2024\/11\/pyhtaa-1.jpg\",\"contentUrl\":\"https:\/\/jonnejaminne.fi\/wp-content\/uploads\/2024\/11\/pyhtaa-1.jpg\",\"width\":1920,\"height\":350},{\"@type\":\"BreadcrumbList\",\"@id\":\"https:\/\/jonnejaminne.fi\/en\/timetables-and-routes\/pyhtaa-timetable\/#breadcrumb\",\"itemListElement\":[{\"@type\":\"ListItem\",\"position\":1,\"name\":\"Home\",\"item\":\"https:\/\/jonnejaminne.fi\/en\/\"},{\"@type\":\"ListItem\",\"position\":2,\"name\":\"Timetables and routes\",\"item\":\"https:\/\/jonnejaminne.fi\/en\/timetables-and-routes\/\"},{\"@type\":\"ListItem\",\"position\":3,\"name\":\"Pyht\u00e4\u00e4&#8217;s timetable\"}]},{\"@type\":\"WebSite\",\"@id\":\"https:\/\/jonnejaminne.fi\/en\/#website\",\"url\":\"https:\/\/jonnejaminne.fi\/en\/\",\"name\":\"Jonne ja Minne\",\"description\":\"\",\"publisher\":{\"@id\":\"https:\/\/jonnejaminne.fi\/en\/#organization\"},\"potentialAction\":[{\"@type\":\"SearchAction\",\"target\":{\"@type\":\"EntryPoint\",\"urlTemplate\":\"https:\/\/jonnejaminne.fi\/en\/?s={search_term_string}\"},\"query-input\":{\"@type\":\"PropertyValueSpecification\",\"valueRequired\":true,\"valueName\":\"search_term_string\"}}],\"inLanguage\":\"en-US\"},{\"@type\":\"Organization\",\"@id\":\"https:\/\/jonnejaminne.fi\/en\/#organization\",\"name\":\"Jonne ja Minne\",\"url\":\"https:\/\/jonnejaminne.fi\/en\/\",\"logo\":{\"@type\":\"ImageObject\",\"inLanguage\":\"en-US\",\"@id\":\"https:\/\/jonnejaminne.fi\/en\/#\/schema\/logo\/image\/\",\"url\":\"https:\/\/jonnejaminne.fi\/wp-content\/uploads\/2024\/04\/KSL_JM_bussit-logo_vaaka_rgb-1-1.png\",\"contentUrl\":\"https:\/\/jonnejaminne.fi\/wp-content\/uploads\/2024\/04\/KSL_JM_bussit-logo_vaaka_rgb-1-1.png\",\"width\":1136,\"height\":424,\"caption\":\"Jonne ja Minne\"},\"image\":{\"@id\":\"https:\/\/jonnejaminne.fi\/en\/#\/schema\/logo\/image\/\"}}]}<\/script>\n<!-- \/ Yoast SEO plugin. -->","yoast_head_json":{"title":"Pyht\u00e4\u00e4's timetable - Jonne ja Minne","robots":{"index":"index","follow":"follow","max-snippet":"max-snippet:-1","max-image-preview":"max-image-preview:large","max-video-preview":"max-video-preview:-1"},"canonical":"https:\/\/jonnejaminne.fi\/en\/timetables-and-routes\/pyhtaa-timetable\/","og_locale":"en_US","og_type":"article","og_title":"Pyht\u00e4\u00e4's timetable - Jonne ja Minne","og_description":"If you are traveling in Pyht\u00e4\u00e4, you can easily plan your routes using our Travel guide. The travel guide provides up-to-date information about bus schedules, stops, and connections in the Pyht\u00e4\u00e4 region. You can access the journey planner in English via the following link: Travel","og_url":"https:\/\/jonnejaminne.fi\/en\/timetables-and-routes\/pyhtaa-timetable\/","og_site_name":"Jonne ja Minne","article_modified_time":"2025-12-22T09:11:14+00:00","og_image":[{"width":1920,"height":350,"url":"https:\/\/jonnejaminne.fi\/wp-content\/uploads\/2024\/11\/pyhtaa-1.jpg","type":"image\/jpeg"}],"twitter_card":"summary_large_image","schema":{"@context":"https:\/\/schema.org","@graph":[{"@type":"WebPage","@id":"https:\/\/jonnejaminne.fi\/en\/timetables-and-routes\/pyhtaa-timetable\/","url":"https:\/\/jonnejaminne.fi\/en\/timetables-and-routes\/pyhtaa-timetable\/","name":"Pyht\u00e4\u00e4's timetable - Jonne ja Minne","isPartOf":{"@id":"https:\/\/jonnejaminne.fi\/en\/#website"},"primaryImageOfPage":{"@id":"https:\/\/jonnejaminne.fi\/en\/timetables-and-routes\/pyhtaa-timetable\/#primaryimage"},"image":{"@id":"https:\/\/jonnejaminne.fi\/en\/timetables-and-routes\/pyhtaa-timetable\/#primaryimage"},"thumbnailUrl":"https:\/\/jonnejaminne.fi\/wp-content\/uploads\/2024\/11\/pyhtaa-1.jpg","datePublished":"2025-05-29T11:49:28+00:00","dateModified":"2025-12-22T09:11:14+00:00","breadcrumb":{"@id":"https:\/\/jonnejaminne.fi\/en\/timetables-and-routes\/pyhtaa-timetable\/#breadcrumb"},"inLanguage":"en-US","potentialAction":[{"@type":"ReadAction","target":["https:\/\/jonnejaminne.fi\/en\/timetables-and-routes\/pyhtaa-timetable\/"]}]},{"@type":"ImageObject","inLanguage":"en-US","@id":"https:\/\/jonnejaminne.fi\/en\/timetables-and-routes\/pyhtaa-timetable\/#primaryimage","url":"https:\/\/jonnejaminne.fi\/wp-content\/uploads\/2024\/11\/pyhtaa-1.jpg","contentUrl":"https:\/\/jonnejaminne.fi\/wp-content\/uploads\/2024\/11\/pyhtaa-1.jpg","width":1920,"height":350},{"@type":"BreadcrumbList","@id":"https:\/\/jonnejaminne.fi\/en\/timetables-and-routes\/pyhtaa-timetable\/#breadcrumb","itemListElement":[{"@type":"ListItem","position":1,"name":"Home","item":"https:\/\/jonnejaminne.fi\/en\/"},{"@type":"ListItem","position":2,"name":"Timetables and routes","item":"https:\/\/jonnejaminne.fi\/en\/timetables-and-routes\/"},{"@type":"ListItem","position":3,"name":"Pyht\u00e4\u00e4&#8217;s timetable"}]},{"@type":"WebSite","@id":"https:\/\/jonnejaminne.fi\/en\/#website","url":"https:\/\/jonnejaminne.fi\/en\/","name":"Jonne ja Minne","description":"","publisher":{"@id":"https:\/\/jonnejaminne.fi\/en\/#organization"},"potentialAction":[{"@type":"SearchAction","target":{"@type":"EntryPoint","urlTemplate":"https:\/\/jonnejaminne.fi\/en\/?s={search_term_string}"},"query-input":{"@type":"PropertyValueSpecification","valueRequired":true,"valueName":"search_term_string"}}],"inLanguage":"en-US"},{"@type":"Organization","@id":"https:\/\/jonnejaminne.fi\/en\/#organization","name":"Jonne ja Minne","url":"https:\/\/jonnejaminne.fi\/en\/","logo":{"@type":"ImageObject","inLanguage":"en-US","@id":"https:\/\/jonnejaminne.fi\/en\/#\/schema\/logo\/image\/","url":"https:\/\/jonnejaminne.fi\/wp-content\/uploads\/2024\/04\/KSL_JM_bussit-logo_vaaka_rgb-1-1.png","contentUrl":"https:\/\/jonnejaminne.fi\/wp-content\/uploads\/2024\/04\/KSL_JM_bussit-logo_vaaka_rgb-1-1.png","width":1136,"height":424,"caption":"Jonne ja Minne"},"image":{"@id":"https:\/\/jonnejaminne.fi\/en\/#\/schema\/logo\/image\/"}}]}},"_links":{"self":[{"href":"https:\/\/jonnejaminne.fi\/en\/wp-json\/wp\/v2\/pages\/8473","targetHints":{"allow":["GET"]}}],"collection":[{"href":"https:\/\/jonnejaminne.fi\/en\/wp-json\/wp\/v2\/pages"}],"about":[{"href":"https:\/\/jonnejaminne.fi\/en\/wp-json\/wp\/v2\/types\/page"}],"author":[{"embeddable":true,"href":"https:\/\/jonnejaminne.fi\/en\/wp-json\/wp\/v2\/users\/3"}],"replies":[{"embeddable":true,"href":"https:\/\/jonnejaminne.fi\/en\/wp-json\/wp\/v2\/comments?post=8473"}],"version-history":[{"count":16,"href":"https:\/\/jonnejaminne.fi\/en\/wp-json\/wp\/v2\/pages\/8473\/revisions"}],"predecessor-version":[{"id":8491,"href":"https:\/\/jonnejaminne.fi\/en\/wp-json\/wp\/v2\/pages\/8473\/revisions\/8491"}],"up":[{"embeddable":true,"href":"https:\/\/jonnejaminne.fi\/en\/wp-json\/wp\/v2\/pages\/3468"}],"wp:featuredmedia":[{"embeddable":true,"href":"https:\/\/jonnejaminne.fi\/en\/wp-json\/wp\/v2\/media\/4305"}],"wp:attachment":[{"href":"https:\/\/jonnejaminne.fi\/en\/wp-json\/wp\/v2\/media?parent=8473"}],"curies":[{"name":"wp","href":"https:\/\/api.w.org\/{rel}","templated":true}]}}